{"id":5585,"date":"2023-07-03T15:25:45","date_gmt":"2023-07-03T15:25:45","guid":{"rendered":"https:\/\/darkstore225.com\/?post_type=product&#038;p=5585"},"modified":"2023-07-04T23:32:33","modified_gmt":"2023-07-04T23:32:33","slug":"converse-all-star-chuck-taylor-2","status":"publish","type":"product","link":"https:\/\/darkstore225.com\/index.php\/produit\/converse-all-star-chuck-taylor-2\/","title":{"rendered":"Converse All star Chuck Taylor"},"content":{"rendered":"<p>Les chaussures Converse All Star sont des ic\u00f4nes du style d\u00e9contract\u00e9 et urbain. Elles s\u00e9duisent par leur design embl\u00e9matique et leur polyvalence. L\u00e9g\u00e8res et r\u00e9sistantes, elles allient confort et durabilit\u00e9. Personnalisez votre style avec les diff\u00e9rentes couleurs et motifs disponibles. Les All Star s&rsquo;associent facilement \u00e0 toutes les tenues, ajoutant une touche cool et d\u00e9contract\u00e9e. Elles offrent un bon amorti et une adh\u00e9rence fiable gr\u00e2ce \u00e0 leur semelle en caoutchouc souple. Un choix incontournable pour un look d\u00e9contract\u00e9 et urbain. Exprimez votre style avec confiance en ajoutant une paire de Converse All Star \u00e0 votre collection. Elles sont disponible \u00e0 abidjan en c\u00f4te d&rsquo;ivoire sur Darkstore225<\/p>\n","protected":false},"excerpt":{"rendered":"<p>Les chaussures Converse All Star sont des ic\u00f4nes du style d\u00e9contract\u00e9 et urbain. Elles s\u00e9duisent par leur design embl\u00e9matique et leur polyvalence. L\u00e9g\u00e8res et r\u00e9sistantes, elles allient confort et durabilit\u00e9. Personnalisez votre style avec les diff\u00e9rentes couleurs et motifs disponibles. Les All Star s&rsquo;associent facilement \u00e0 toutes les tenues, ajoutant une touche cool et d\u00e9contract\u00e9e. [&hellip;]<\/p>\n","protected":false},"featured_media":5599,"comment_status":"open","ping_status":"closed","template":"","meta":{"_uag_custom_page_level_css":"","site-sidebar-layout":"default","site-content-layout":"default","ast-site-content-layout":"default","site-content-style":"default","site-sidebar-style":"default","ast-global-header-display":"","ast-banner-title-visibility":"","ast-main-header-display":"","ast-hfb-above-header-display":"","ast-hfb-below-header-display":"","ast-hfb-mobile-header-display":"","site-post-title":"","ast-breadcrumbs-content":"","ast-featured-img":"","footer-sml-layout":"","ast-disable-related-posts":"","theme-transparent-header-meta":"default","adv-header-id-meta":"","stick-header-meta":"","header-above-stick-meta":"","header-main-stick-meta":"","header-below-stick-meta":"","astra-migrate-meta-layouts":"default","ast-page-background-enabled":"default","ast-page-background-meta":{"desktop":{"background-color":"","background-image":"","background-repeat":"repeat","background-position":"center center","background-size":"auto","background-attachment":"scroll","background-type":"","background-media":"","overlay-type":"","overlay-color":"","overlay-opacity":"","overlay-gradient":""},"tablet":{"background-color":"","background-image":"","background-repeat":"repeat","background-position":"center center","background-size":"auto","background-attachment":"scroll","background-type":"","background-media":"","overlay-type":"","overlay-color":"","overlay-opacity":"","overlay-gradient":""},"mobile":{"background-color":"","background-image":"","background-repeat":"repeat","background-position":"center center","background-size":"auto","background-attachment":"scroll","background-type":"","background-media":"","overlay-type":"","overlay-color":"","overlay-opacity":"","overlay-gradient":""}},"ast-content-background-meta":{"desktop":{"background-color":"var(--ast-global-color-5)","background-image":"","background-repeat":"repeat","background-position":"center center","background-size":"auto","background-attachment":"scroll","background-type":"","background-media":"","overlay-type":"","overlay-color":"","overlay-opacity":"","overlay-gradient":""},"tablet":{"background-color":"var(--ast-global-color-5)","background-image":"","background-repeat":"repeat","background-position":"center center","background-size":"auto","background-attachment":"scroll","background-type":"","background-media":"","overlay-type":"","overlay-color":"","overlay-opacity":"","overlay-gradient":""},"mobile":{"background-color":"var(--ast-global-color-5)","background-image":"","background-repeat":"repeat","background-position":"center center","background-size":"auto","background-attachment":"scroll","background-type":"","background-media":"","overlay-type":"","overlay-color":"","overlay-opacity":"","overlay-gradient":""}}},"product_brand":[],"product_cat":[95],"product_tag":[231,118,270,236,266,260,115,271,237],"class_list":{"0":"post-5585","1":"product","2":"type-product","3":"status-publish","4":"has-post-thumbnail","6":"product_cat-converse","7":"product_tag-abidjan","8":"product_tag-all-star","9":"product_tag-all-star-abidjan","10":"product_tag-chaussure-abidjan","11":"product_tag-chaussure-femme","12":"product_tag-chaussure-homme","13":"product_tag-converse","14":"product_tag-converse-abidjan","15":"product_tag-cote-divoire","16":"pa_pointure-30","17":"pa_pointure-31","18":"pa_pointure-32","19":"pa_pointure-33","20":"pa_pointure-34","21":"pa_pointure-35","22":"desktop-align-left","23":"tablet-align-left","24":"mobile-align-left","26":"first","27":"instock","28":"sale","29":"shipping-taxable","30":"purchasable","31":"product-type-variable"},"yoast_head":"<!-- This site is optimized with the Yoast SEO plugin v27.5 - https:\/\/yoast.com\/product\/yoast-seo-wordpress\/ -->\n<title>Converse All star Chuck Taylor - Dark Store 225<\/title>\n<meta name=\"description\" content=\"Les chaussures Converse All Star sont des ic\u00f4nes du style d\u00e9contract\u00e9 et urbain. Elles s\u00e9duisent par leur design embl\u00e9matique et leur polyvalence. L\u00e9g\u00e8res et r\u00e9sistantes, elles allient confort et durabilit\u00e9. Personnalisez votre style avec les diff\u00e9rentes couleurs et motifs disponibles. Les All Star s&#039;associent facilement \u00e0 toutes les tenues, ajoutant une touche cool et d\u00e9contract\u00e9e. Elles offrent un bon amorti et une adh\u00e9rence fiable gr\u00e2ce \u00e0 leur semelle en caoutchouc souple. Un choix incontournable pour un look d\u00e9contract\u00e9 et urbain. Exprimez votre style avec confiance en ajoutant une paire de Converse All Star \u00e0 votre collection. Elles sont disponible \u00e0 abidjan en c\u00f4te d&#039;ivoire sur Darkstore225\" \/>\n<meta name=\"robots\" content=\"index, follow, max-snippet:-1, max-image-preview:large, max-video-preview:-1\" \/>\n<link rel=\"canonical\" href=\"https:\/\/darkstore225.com\/index.php\/produit\/converse-all-star-chuck-taylor-2\/\" \/>\n<meta property=\"og:locale\" content=\"fr_FR\" \/>\n<meta property=\"og:type\" content=\"article\" \/>\n<meta property=\"og:title\" content=\"Converse All star Chuck Taylor - Dark Store 225\" \/>\n<meta property=\"og:description\" content=\"Les chaussures Converse All Star sont des ic\u00f4nes du style d\u00e9contract\u00e9 et urbain. Elles s\u00e9duisent par leur design embl\u00e9matique et leur polyvalence. L\u00e9g\u00e8res et r\u00e9sistantes, elles allient confort et durabilit\u00e9. Personnalisez votre style avec les diff\u00e9rentes couleurs et motifs disponibles. Les All Star s&#039;associent facilement \u00e0 toutes les tenues, ajoutant une touche cool et d\u00e9contract\u00e9e. Elles offrent un bon amorti et une adh\u00e9rence fiable gr\u00e2ce \u00e0 leur semelle en caoutchouc souple. Un choix incontournable pour un look d\u00e9contract\u00e9 et urbain. Exprimez votre style avec confiance en ajoutant une paire de Converse All Star \u00e0 votre collection. Elles sont disponible \u00e0 abidjan en c\u00f4te d&#039;ivoire sur Darkstore225\" \/>\n<meta property=\"og:url\" content=\"https:\/\/darkstore225.com\/index.php\/produit\/converse-all-star-chuck-taylor-2\/\" \/>\n<meta property=\"og:site_name\" content=\"Dark Store 225\" \/>\n<meta property=\"article:publisher\" content=\"https:\/\/web.facebook.com\/darksquad225\/?_rdc=1&amp;_rdr\" \/>\n<meta property=\"article:modified_time\" content=\"2023-07-04T23:32:33+00:00\" \/>\n<meta property=\"og:image\" content=\"https:\/\/darkstore225.com\/wp-content\/uploads\/2023\/07\/b54aacc4da2361bdc4cc051fc2239eb7.jpg\" \/>\n\t<meta property=\"og:image:width\" content=\"900\" \/>\n\t<meta property=\"og:image:height\" content=\"900\" \/>\n\t<meta property=\"og:image:type\" content=\"image\/jpeg\" \/>\n<meta name=\"twitter:card\" content=\"summary_large_image\" \/>\n<meta name=\"twitter:label1\" content=\"Dur\u00e9e de lecture estim\u00e9e\" \/>\n\t<meta name=\"twitter:data1\" content=\"1 minute\" \/>\n<script type=\"application\/ld+json\" class=\"yoast-schema-graph\">{\"@context\":\"https:\\\/\\\/schema.org\",\"@graph\":[{\"@type\":\"WebPage\",\"@id\":\"https:\\\/\\\/darkstore225.com\\\/index.php\\\/produit\\\/converse-all-star-chuck-taylor-2\\\/\",\"url\":\"https:\\\/\\\/darkstore225.com\\\/index.php\\\/produit\\\/converse-all-star-chuck-taylor-2\\\/\",\"name\":\"Converse All star Chuck Taylor - Dark Store 225\",\"isPartOf\":{\"@id\":\"https:\\\/\\\/darkstore225.com\\\/#website\"},\"primaryImageOfPage\":{\"@id\":\"https:\\\/\\\/darkstore225.com\\\/index.php\\\/produit\\\/converse-all-star-chuck-taylor-2\\\/#primaryimage\"},\"image\":{\"@id\":\"https:\\\/\\\/darkstore225.com\\\/index.php\\\/produit\\\/converse-all-star-chuck-taylor-2\\\/#primaryimage\"},\"thumbnailUrl\":\"https:\\\/\\\/darkstore225.com\\\/wp-content\\\/uploads\\\/2023\\\/07\\\/b54aacc4da2361bdc4cc051fc2239eb7.jpg\",\"datePublished\":\"2023-07-03T15:25:45+00:00\",\"dateModified\":\"2023-07-04T23:32:33+00:00\",\"description\":\"Les chaussures Converse All Star sont des ic\u00f4nes du style d\u00e9contract\u00e9 et urbain. Elles s\u00e9duisent par leur design embl\u00e9matique et leur polyvalence. L\u00e9g\u00e8res et r\u00e9sistantes, elles allient confort et durabilit\u00e9. Personnalisez votre style avec les diff\u00e9rentes couleurs et motifs disponibles. Les All Star s'associent facilement \u00e0 toutes les tenues, ajoutant une touche cool et d\u00e9contract\u00e9e. Elles offrent un bon amorti et une adh\u00e9rence fiable gr\u00e2ce \u00e0 leur semelle en caoutchouc souple. Un choix incontournable pour un look d\u00e9contract\u00e9 et urbain. Exprimez votre style avec confiance en ajoutant une paire de Converse All Star \u00e0 votre collection. Elles sont disponible \u00e0 abidjan en c\u00f4te d'ivoire sur Darkstore225\",\"breadcrumb\":{\"@id\":\"https:\\\/\\\/darkstore225.com\\\/index.php\\\/produit\\\/converse-all-star-chuck-taylor-2\\\/#breadcrumb\"},\"inLanguage\":\"fr-FR\",\"potentialAction\":[{\"@type\":\"ReadAction\",\"target\":[\"https:\\\/\\\/darkstore225.com\\\/index.php\\\/produit\\\/converse-all-star-chuck-taylor-2\\\/\"]}]},{\"@type\":\"ImageObject\",\"inLanguage\":\"fr-FR\",\"@id\":\"https:\\\/\\\/darkstore225.com\\\/index.php\\\/produit\\\/converse-all-star-chuck-taylor-2\\\/#primaryimage\",\"url\":\"https:\\\/\\\/darkstore225.com\\\/wp-content\\\/uploads\\\/2023\\\/07\\\/b54aacc4da2361bdc4cc051fc2239eb7.jpg\",\"contentUrl\":\"https:\\\/\\\/darkstore225.com\\\/wp-content\\\/uploads\\\/2023\\\/07\\\/b54aacc4da2361bdc4cc051fc2239eb7.jpg\",\"width\":900,\"height\":900},{\"@type\":\"BreadcrumbList\",\"@id\":\"https:\\\/\\\/darkstore225.com\\\/index.php\\\/produit\\\/converse-all-star-chuck-taylor-2\\\/#breadcrumb\",\"itemListElement\":[{\"@type\":\"ListItem\",\"position\":1,\"name\":\"Accueil\",\"item\":\"https:\\\/\\\/darkstore225.com\\\/\"},{\"@type\":\"ListItem\",\"position\":2,\"name\":\"Boutique\",\"item\":\"https:\\\/\\\/darkstore225.com\\\/index.php\\\/shop\\\/\"},{\"@type\":\"ListItem\",\"position\":3,\"name\":\"Converse All star Chuck Taylor\"}]},{\"@type\":\"WebSite\",\"@id\":\"https:\\\/\\\/darkstore225.com\\\/#website\",\"url\":\"https:\\\/\\\/darkstore225.com\\\/\",\"name\":\"Dark Store 225\",\"description\":\"Service, fiabilit\u00e9 , authenticit\u00e9\",\"publisher\":{\"@id\":\"https:\\\/\\\/darkstore225.com\\\/#organization\"},\"potentialAction\":[{\"@type\":\"SearchAction\",\"target\":{\"@type\":\"EntryPoint\",\"urlTemplate\":\"https:\\\/\\\/darkstore225.com\\\/?s={search_term_string}\"},\"query-input\":{\"@type\":\"PropertyValueSpecification\",\"valueRequired\":true,\"valueName\":\"search_term_string\"}}],\"inLanguage\":\"fr-FR\"},{\"@type\":\"Organization\",\"@id\":\"https:\\\/\\\/darkstore225.com\\\/#organization\",\"name\":\"Dark Store 225\",\"url\":\"https:\\\/\\\/darkstore225.com\\\/\",\"logo\":{\"@type\":\"ImageObject\",\"inLanguage\":\"fr-FR\",\"@id\":\"https:\\\/\\\/darkstore225.com\\\/#\\\/schema\\\/logo\\\/image\\\/\",\"url\":\"https:\\\/\\\/darkstore225.com\\\/wp-content\\\/uploads\\\/2023\\\/04\\\/cropped-cropped-cropped-cropped-217393446_556927015480604_2286872379373824906_n.jpg\",\"contentUrl\":\"https:\\\/\\\/darkstore225.com\\\/wp-content\\\/uploads\\\/2023\\\/04\\\/cropped-cropped-cropped-cropped-217393446_556927015480604_2286872379373824906_n.jpg\",\"width\":512,\"height\":408,\"caption\":\"Dark Store 225\"},\"image\":{\"@id\":\"https:\\\/\\\/darkstore225.com\\\/#\\\/schema\\\/logo\\\/image\\\/\"},\"sameAs\":[\"https:\\\/\\\/web.facebook.com\\\/darksquad225\\\/?_rdc=1&_rdr\",\"https:\\\/\\\/www.instagram.com\\\/dark_squad_225\\\/\"]}]}<\/script>\n<!-- \/ Yoast SEO plugin. -->","yoast_head_json":{"title":"Converse All star Chuck Taylor - Dark Store 225","description":"Les chaussures Converse All Star sont des ic\u00f4nes du style d\u00e9contract\u00e9 et urbain. Elles s\u00e9duisent par leur design embl\u00e9matique et leur polyvalence. L\u00e9g\u00e8res et r\u00e9sistantes, elles allient confort et durabilit\u00e9. Personnalisez votre style avec les diff\u00e9rentes couleurs et motifs disponibles. Les All Star s'associent facilement \u00e0 toutes les tenues, ajoutant une touche cool et d\u00e9contract\u00e9e. Elles offrent un bon amorti et une adh\u00e9rence fiable gr\u00e2ce \u00e0 leur semelle en caoutchouc souple. Un choix incontournable pour un look d\u00e9contract\u00e9 et urbain. Exprimez votre style avec confiance en ajoutant une paire de Converse All Star \u00e0 votre collection. Elles sont disponible \u00e0 abidjan en c\u00f4te d'ivoire sur Darkstore225","robots":{"index":"index","follow":"follow","max-snippet":"max-snippet:-1","max-image-preview":"max-image-preview:large","max-video-preview":"max-video-preview:-1"},"canonical":"https:\/\/darkstore225.com\/index.php\/produit\/converse-all-star-chuck-taylor-2\/","og_locale":"fr_FR","og_type":"article","og_title":"Converse All star Chuck Taylor - Dark Store 225","og_description":"Les chaussures Converse All Star sont des ic\u00f4nes du style d\u00e9contract\u00e9 et urbain. Elles s\u00e9duisent par leur design embl\u00e9matique et leur polyvalence. L\u00e9g\u00e8res et r\u00e9sistantes, elles allient confort et durabilit\u00e9. Personnalisez votre style avec les diff\u00e9rentes couleurs et motifs disponibles. Les All Star s'associent facilement \u00e0 toutes les tenues, ajoutant une touche cool et d\u00e9contract\u00e9e. Elles offrent un bon amorti et une adh\u00e9rence fiable gr\u00e2ce \u00e0 leur semelle en caoutchouc souple. Un choix incontournable pour un look d\u00e9contract\u00e9 et urbain. Exprimez votre style avec confiance en ajoutant une paire de Converse All Star \u00e0 votre collection. Elles sont disponible \u00e0 abidjan en c\u00f4te d'ivoire sur Darkstore225","og_url":"https:\/\/darkstore225.com\/index.php\/produit\/converse-all-star-chuck-taylor-2\/","og_site_name":"Dark Store 225","article_publisher":"https:\/\/web.facebook.com\/darksquad225\/?_rdc=1&_rdr","article_modified_time":"2023-07-04T23:32:33+00:00","og_image":[{"width":900,"height":900,"url":"https:\/\/darkstore225.com\/wp-content\/uploads\/2023\/07\/b54aacc4da2361bdc4cc051fc2239eb7.jpg","type":"image\/jpeg"}],"twitter_card":"summary_large_image","twitter_misc":{"Dur\u00e9e de lecture estim\u00e9e":"1 minute"},"schema":{"@context":"https:\/\/schema.org","@graph":[{"@type":"WebPage","@id":"https:\/\/darkstore225.com\/index.php\/produit\/converse-all-star-chuck-taylor-2\/","url":"https:\/\/darkstore225.com\/index.php\/produit\/converse-all-star-chuck-taylor-2\/","name":"Converse All star Chuck Taylor - Dark Store 225","isPartOf":{"@id":"https:\/\/darkstore225.com\/#website"},"primaryImageOfPage":{"@id":"https:\/\/darkstore225.com\/index.php\/produit\/converse-all-star-chuck-taylor-2\/#primaryimage"},"image":{"@id":"https:\/\/darkstore225.com\/index.php\/produit\/converse-all-star-chuck-taylor-2\/#primaryimage"},"thumbnailUrl":"https:\/\/darkstore225.com\/wp-content\/uploads\/2023\/07\/b54aacc4da2361bdc4cc051fc2239eb7.jpg","datePublished":"2023-07-03T15:25:45+00:00","dateModified":"2023-07-04T23:32:33+00:00","description":"Les chaussures Converse All Star sont des ic\u00f4nes du style d\u00e9contract\u00e9 et urbain. Elles s\u00e9duisent par leur design embl\u00e9matique et leur polyvalence. L\u00e9g\u00e8res et r\u00e9sistantes, elles allient confort et durabilit\u00e9. Personnalisez votre style avec les diff\u00e9rentes couleurs et motifs disponibles. Les All Star s'associent facilement \u00e0 toutes les tenues, ajoutant une touche cool et d\u00e9contract\u00e9e. Elles offrent un bon amorti et une adh\u00e9rence fiable gr\u00e2ce \u00e0 leur semelle en caoutchouc souple. Un choix incontournable pour un look d\u00e9contract\u00e9 et urbain. Exprimez votre style avec confiance en ajoutant une paire de Converse All Star \u00e0 votre collection. Elles sont disponible \u00e0 abidjan en c\u00f4te d'ivoire sur Darkstore225","breadcrumb":{"@id":"https:\/\/darkstore225.com\/index.php\/produit\/converse-all-star-chuck-taylor-2\/#breadcrumb"},"inLanguage":"fr-FR","potentialAction":[{"@type":"ReadAction","target":["https:\/\/darkstore225.com\/index.php\/produit\/converse-all-star-chuck-taylor-2\/"]}]},{"@type":"ImageObject","inLanguage":"fr-FR","@id":"https:\/\/darkstore225.com\/index.php\/produit\/converse-all-star-chuck-taylor-2\/#primaryimage","url":"https:\/\/darkstore225.com\/wp-content\/uploads\/2023\/07\/b54aacc4da2361bdc4cc051fc2239eb7.jpg","contentUrl":"https:\/\/darkstore225.com\/wp-content\/uploads\/2023\/07\/b54aacc4da2361bdc4cc051fc2239eb7.jpg","width":900,"height":900},{"@type":"BreadcrumbList","@id":"https:\/\/darkstore225.com\/index.php\/produit\/converse-all-star-chuck-taylor-2\/#breadcrumb","itemListElement":[{"@type":"ListItem","position":1,"name":"Accueil","item":"https:\/\/darkstore225.com\/"},{"@type":"ListItem","position":2,"name":"Boutique","item":"https:\/\/darkstore225.com\/index.php\/shop\/"},{"@type":"ListItem","position":3,"name":"Converse All star Chuck Taylor"}]},{"@type":"WebSite","@id":"https:\/\/darkstore225.com\/#website","url":"https:\/\/darkstore225.com\/","name":"Dark Store 225","description":"Service, fiabilit\u00e9 , authenticit\u00e9","publisher":{"@id":"https:\/\/darkstore225.com\/#organization"},"potentialAction":[{"@type":"SearchAction","target":{"@type":"EntryPoint","urlTemplate":"https:\/\/darkstore225.com\/?s={search_term_string}"},"query-input":{"@type":"PropertyValueSpecification","valueRequired":true,"valueName":"search_term_string"}}],"inLanguage":"fr-FR"},{"@type":"Organization","@id":"https:\/\/darkstore225.com\/#organization","name":"Dark Store 225","url":"https:\/\/darkstore225.com\/","logo":{"@type":"ImageObject","inLanguage":"fr-FR","@id":"https:\/\/darkstore225.com\/#\/schema\/logo\/image\/","url":"https:\/\/darkstore225.com\/wp-content\/uploads\/2023\/04\/cropped-cropped-cropped-cropped-217393446_556927015480604_2286872379373824906_n.jpg","contentUrl":"https:\/\/darkstore225.com\/wp-content\/uploads\/2023\/04\/cropped-cropped-cropped-cropped-217393446_556927015480604_2286872379373824906_n.jpg","width":512,"height":408,"caption":"Dark Store 225"},"image":{"@id":"https:\/\/darkstore225.com\/#\/schema\/logo\/image\/"},"sameAs":["https:\/\/web.facebook.com\/darksquad225\/?_rdc=1&_rdr","https:\/\/www.instagram.com\/dark_squad_225\/"]}]}},"uagb_featured_image_src":{"full":["https:\/\/darkstore225.com\/wp-content\/uploads\/2023\/07\/b54aacc4da2361bdc4cc051fc2239eb7.jpg",900,900,false],"thumbnail":["https:\/\/darkstore225.com\/wp-content\/uploads\/2023\/07\/b54aacc4da2361bdc4cc051fc2239eb7-150x150.jpg",150,150,true],"medium":["https:\/\/darkstore225.com\/wp-content\/uploads\/2023\/07\/b54aacc4da2361bdc4cc051fc2239eb7-300x300.jpg",300,300,true],"medium_large":["https:\/\/darkstore225.com\/wp-content\/uploads\/2023\/07\/b54aacc4da2361bdc4cc051fc2239eb7-768x768.jpg",768,768,true],"large":["https:\/\/darkstore225.com\/wp-content\/uploads\/2023\/07\/b54aacc4da2361bdc4cc051fc2239eb7.jpg",900,900,false],"1536x1536":["https:\/\/darkstore225.com\/wp-content\/uploads\/2023\/07\/b54aacc4da2361bdc4cc051fc2239eb7.jpg",900,900,false],"2048x2048":["https:\/\/darkstore225.com\/wp-content\/uploads\/2023\/07\/b54aacc4da2361bdc4cc051fc2239eb7.jpg",900,900,false],"woocommerce_thumbnail":["https:\/\/darkstore225.com\/wp-content\/uploads\/2023\/07\/b54aacc4da2361bdc4cc051fc2239eb7-500x500.jpg",500,500,true],"woocommerce_single":["https:\/\/darkstore225.com\/wp-content\/uploads\/2023\/07\/b54aacc4da2361bdc4cc051fc2239eb7-600x600.jpg",600,600,true],"woocommerce_gallery_thumbnail":["https:\/\/darkstore225.com\/wp-content\/uploads\/2023\/07\/b54aacc4da2361bdc4cc051fc2239eb7-100x100.jpg",100,100,true]},"uagb_author_info":{"display_name":"madxbeatzmusic","author_link":"https:\/\/darkstore225.com\/index.php\/author\/"},"uagb_comment_info":9,"uagb_excerpt":"Les chaussures Converse All Star sont des ic\u00f4nes du style d\u00e9contract\u00e9 et urbain. Elles s\u00e9duisent par leur design embl\u00e9matique et leur polyvalence. L\u00e9g\u00e8res et r\u00e9sistantes, elles allient confort et durabilit\u00e9. Personnalisez votre style avec les diff\u00e9rentes couleurs et motifs disponibles. Les All Star s&rsquo;associent facilement \u00e0 toutes les tenues, ajoutant une touche cool et d\u00e9contract\u00e9e.\u2026","_links":{"self":[{"href":"https:\/\/darkstore225.com\/index.php\/wp-json\/wp\/v2\/product\/5585","targetHints":{"allow":["GET"]}}],"collection":[{"href":"https:\/\/darkstore225.com\/index.php\/wp-json\/wp\/v2\/product"}],"about":[{"href":"https:\/\/darkstore225.com\/index.php\/wp-json\/wp\/v2\/types\/product"}],"replies":[{"embeddable":true,"href":"https:\/\/darkstore225.com\/index.php\/wp-json\/wp\/v2\/comments?post=5585"}],"version-history":[{"count":2,"href":"https:\/\/darkstore225.com\/index.php\/wp-json\/wp\/v2\/product\/5585\/revisions"}],"predecessor-version":[{"id":5649,"href":"https:\/\/darkstore225.com\/index.php\/wp-json\/wp\/v2\/product\/5585\/revisions\/5649"}],"wp:featuredmedia":[{"embeddable":true,"href":"https:\/\/darkstore225.com\/index.php\/wp-json\/wp\/v2\/media\/5599"}],"wp:attachment":[{"href":"https:\/\/darkstore225.com\/index.php\/wp-json\/wp\/v2\/media?parent=5585"}],"wp:term":[{"taxonomy":"product_brand","embeddable":true,"href":"https:\/\/darkstore225.com\/index.php\/wp-json\/wp\/v2\/product_brand?post=5585"},{"taxonomy":"product_cat","embeddable":true,"href":"https:\/\/darkstore225.com\/index.php\/wp-json\/wp\/v2\/product_cat?post=5585"},{"taxonomy":"product_tag","embeddable":true,"href":"https:\/\/darkstore225.com\/index.php\/wp-json\/wp\/v2\/product_tag?post=5585"}],"curies":[{"name":"wp","href":"https:\/\/api.w.org\/{rel}","templated":true}]}}