{"id":5078,"date":"2023-06-02T10:03:14","date_gmt":"2023-06-02T10:03:14","guid":{"rendered":"https:\/\/darkstore225.com\/?post_type=product&#038;p=5078"},"modified":"2023-11-17T23:39:47","modified_gmt":"2023-11-17T23:39:47","slug":"air-jordan-11-gris","status":"publish","type":"product","link":"https:\/\/darkstore225.com\/index.php\/produit\/air-jordan-11-gris\/","title":{"rendered":"Air jordan 11 grey"},"content":{"rendered":"<p>Air Jordan 11 Grey. Style et performance embl\u00e9matiques.<\/p>\n<p>Design \u00e9l\u00e9gant et moderne avec cuir et mesh de haute qualit\u00e9.<\/p>\n<p>Couleur grise polyvalente pour s&rsquo;adapter \u00e0 toutes les tenues.<\/p>\n<p>Amorti r\u00e9actif et soutien optimal gr\u00e2ce \u00e0 la semelle interm\u00e9diaire Phylon et \u00e0 l&rsquo;unit\u00e9 Air-Sole visible au talon.<\/p>\n<p>Semelle ext\u00e9rieure en caoutchouc solide pour une adh\u00e9rence exceptionnelle.<\/p>\n<p>Symbole de style intemporel avec logo Jumpman et semelle ext\u00e9rieure translucide.<\/p>\n<p>Choix incontournable pour les passionn\u00e9s de basketball et les collectionneurs de sneakers.<\/p>\n<p>Alliance parfaite de l&rsquo;esth\u00e9tique moderne, des performances et de l&rsquo;h\u00e9ritage l\u00e9gendaire d&rsquo;Air Jordan. La paire est disponible \u00e0 Abidjan en C\u00f4te D&rsquo;ivoire sur darkstore225.<\/p>\n","protected":false},"excerpt":{"rendered":"<p>Air Jordan 11 Grey. Style et performance embl\u00e9matiques. Design \u00e9l\u00e9gant et moderne avec cuir et mesh de haute qualit\u00e9. Couleur grise polyvalente pour s&rsquo;adapter \u00e0 toutes les tenues. Amorti r\u00e9actif et soutien optimal gr\u00e2ce \u00e0 la semelle interm\u00e9diaire Phylon et \u00e0 l&rsquo;unit\u00e9 Air-Sole visible au talon. Semelle ext\u00e9rieure en caoutchouc solide pour une adh\u00e9rence exceptionnelle. [&hellip;]<\/p>\n","protected":false},"featured_media":6061,"comment_status":"open","ping_status":"closed","template":"","meta":{"_uag_custom_page_level_css":"","site-sidebar-layout":"default","site-content-layout":"default","ast-site-content-layout":"default","site-content-style":"default","site-sidebar-style":"default","ast-global-header-display":"","ast-banner-title-visibility":"","ast-main-header-display":"","ast-hfb-above-header-display":"","ast-hfb-below-header-display":"","ast-hfb-mobile-header-display":"","site-post-title":"","ast-breadcrumbs-content":"","ast-featured-img":"","footer-sml-layout":"","ast-disable-related-posts":"","theme-transparent-header-meta":"default","adv-header-id-meta":"","stick-header-meta":"","header-above-stick-meta":"","header-main-stick-meta":"","header-below-stick-meta":"","astra-migrate-meta-layouts":"default","ast-page-background-enabled":"default","ast-page-background-meta":{"desktop":{"background-color":"","background-image":"","background-repeat":"repeat","background-position":"center center","background-size":"auto","background-attachment":"scroll","background-type":"","background-media":"","overlay-type":"","overlay-color":"","overlay-opacity":"","overlay-gradient":""},"tablet":{"background-color":"","background-image":"","background-repeat":"repeat","background-position":"center center","background-size":"auto","background-attachment":"scroll","background-type":"","background-media":"","overlay-type":"","overlay-color":"","overlay-opacity":"","overlay-gradient":""},"mobile":{"background-color":"","background-image":"","background-repeat":"repeat","background-position":"center center","background-size":"auto","background-attachment":"scroll","background-type":"","background-media":"","overlay-type":"","overlay-color":"","overlay-opacity":"","overlay-gradient":""}},"ast-content-background-meta":{"desktop":{"background-color":"var(--ast-global-color-5)","background-image":"","background-repeat":"repeat","background-position":"center center","background-size":"auto","background-attachment":"scroll","background-type":"","background-media":"","overlay-type":"","overlay-color":"","overlay-opacity":"","overlay-gradient":""},"tablet":{"background-color":"var(--ast-global-color-5)","background-image":"","background-repeat":"repeat","background-position":"center center","background-size":"auto","background-attachment":"scroll","background-type":"","background-media":"","overlay-type":"","overlay-color":"","overlay-opacity":"","overlay-gradient":""},"mobile":{"background-color":"var(--ast-global-color-5)","background-image":"","background-repeat":"repeat","background-position":"center center","background-size":"auto","background-attachment":"scroll","background-type":"","background-media":"","overlay-type":"","overlay-color":"","overlay-opacity":"","overlay-gradient":""}}},"product_brand":[],"product_cat":[94],"product_tag":[64,216,44,72],"class_list":{"0":"post-5078","1":"product","2":"type-product","3":"status-publish","4":"has-post-thumbnail","6":"product_cat-jordan","7":"product_tag-femme","8":"product_tag-gris","9":"product_tag-homme","10":"product_tag-jordan","11":"pa_pointure-30","12":"pa_pointure-31","13":"pa_pointure-32","14":"pa_pointure-33","15":"pa_pointure-34","16":"pa_pointure-35","17":"desktop-align-left","18":"tablet-align-left","19":"mobile-align-left","21":"first","22":"instock","23":"sale","24":"shipping-taxable","25":"purchasable","26":"product-type-variable"},"yoast_head":"<!-- This site is optimized with the Yoast SEO plugin v27.6 - https:\/\/yoast.com\/product\/yoast-seo-wordpress\/ -->\n<title>Air jordan 11 grey - Dark Store 225<\/title>\n<meta name=\"description\" content=\"Air Jordan 11 Grey. Style et performance embl\u00e9matiques.Design \u00e9l\u00e9gant et moderne avec cuir et mesh de haute qualit\u00e9.Couleur grise polyvalente pour s&#039;adapter \u00e0 toutes les tenues.Amorti r\u00e9actif et soutien optimal gr\u00e2ce \u00e0 la semelle interm\u00e9diaire Phylon et \u00e0 l&#039;unit\u00e9 Air-Sole visible au talon.Semelle ext\u00e9rieure en caoutchouc solide pour une adh\u00e9rence exceptionnelle.Symbole de style intemporel avec logo Jumpman et semelle ext\u00e9rieure translucide.Choix incontournable pour les passionn\u00e9s de basketball et les collectionneurs de sneakers.Alliance parfaite de l&#039;esth\u00e9tique moderne, des performances et de l&#039;h\u00e9ritage l\u00e9gendaire d&#039;Air Jordan. La paire est disponible \u00e0 Abidjan en C\u00f4te D&#039;ivoire sur darkstore225.\" \/>\n<meta name=\"robots\" content=\"index, follow, max-snippet:-1, max-image-preview:large, max-video-preview:-1\" \/>\n<link rel=\"canonical\" href=\"https:\/\/darkstore225.com\/index.php\/produit\/air-jordan-11-gris\/\" \/>\n<meta property=\"og:locale\" content=\"fr_FR\" \/>\n<meta property=\"og:type\" content=\"article\" \/>\n<meta property=\"og:title\" content=\"Air jordan 11 grey - Dark Store 225\" \/>\n<meta property=\"og:description\" content=\"Air Jordan 11 Grey. Style et performance embl\u00e9matiques.Design \u00e9l\u00e9gant et moderne avec cuir et mesh de haute qualit\u00e9.Couleur grise polyvalente pour s&#039;adapter \u00e0 toutes les tenues.Amorti r\u00e9actif et soutien optimal gr\u00e2ce \u00e0 la semelle interm\u00e9diaire Phylon et \u00e0 l&#039;unit\u00e9 Air-Sole visible au talon.Semelle ext\u00e9rieure en caoutchouc solide pour une adh\u00e9rence exceptionnelle.Symbole de style intemporel avec logo Jumpman et semelle ext\u00e9rieure translucide.Choix incontournable pour les passionn\u00e9s de basketball et les collectionneurs de sneakers.Alliance parfaite de l&#039;esth\u00e9tique moderne, des performances et de l&#039;h\u00e9ritage l\u00e9gendaire d&#039;Air Jordan. La paire est disponible \u00e0 Abidjan en C\u00f4te D&#039;ivoire sur darkstore225.\" \/>\n<meta property=\"og:url\" content=\"https:\/\/darkstore225.com\/index.php\/produit\/air-jordan-11-gris\/\" \/>\n<meta property=\"og:site_name\" content=\"Dark Store 225\" \/>\n<meta property=\"article:publisher\" content=\"https:\/\/web.facebook.com\/darksquad225\/?_rdc=1&amp;_rdr\" \/>\n<meta property=\"article:modified_time\" content=\"2023-11-17T23:39:47+00:00\" \/>\n<meta property=\"og:image\" content=\"https:\/\/darkstore225.com\/wp-content\/uploads\/2023\/06\/6ad7e15767e363cd1943659fd61cf42d.jpg\" \/>\n\t<meta property=\"og:image:width\" content=\"564\" \/>\n\t<meta property=\"og:image:height\" content=\"564\" \/>\n\t<meta property=\"og:image:type\" content=\"image\/jpeg\" \/>\n<meta name=\"twitter:card\" content=\"summary_large_image\" \/>\n<meta name=\"twitter:label1\" content=\"Dur\u00e9e de lecture estim\u00e9e\" \/>\n\t<meta name=\"twitter:data1\" content=\"1 minute\" \/>\n<script type=\"application\/ld+json\" class=\"yoast-schema-graph\">{\"@context\":\"https:\\\/\\\/schema.org\",\"@graph\":[{\"@type\":\"WebPage\",\"@id\":\"https:\\\/\\\/darkstore225.com\\\/index.php\\\/produit\\\/air-jordan-11-gris\\\/\",\"url\":\"https:\\\/\\\/darkstore225.com\\\/index.php\\\/produit\\\/air-jordan-11-gris\\\/\",\"name\":\"Air jordan 11 grey - Dark Store 225\",\"isPartOf\":{\"@id\":\"https:\\\/\\\/darkstore225.com\\\/#website\"},\"primaryImageOfPage\":{\"@id\":\"https:\\\/\\\/darkstore225.com\\\/index.php\\\/produit\\\/air-jordan-11-gris\\\/#primaryimage\"},\"image\":{\"@id\":\"https:\\\/\\\/darkstore225.com\\\/index.php\\\/produit\\\/air-jordan-11-gris\\\/#primaryimage\"},\"thumbnailUrl\":\"https:\\\/\\\/darkstore225.com\\\/wp-content\\\/uploads\\\/2023\\\/06\\\/6ad7e15767e363cd1943659fd61cf42d.jpg\",\"datePublished\":\"2023-06-02T10:03:14+00:00\",\"dateModified\":\"2023-11-17T23:39:47+00:00\",\"description\":\"Air Jordan 11 Grey. Style et performance embl\u00e9matiques.Design \u00e9l\u00e9gant et moderne avec cuir et mesh de haute qualit\u00e9.Couleur grise polyvalente pour s'adapter \u00e0 toutes les tenues.Amorti r\u00e9actif et soutien optimal gr\u00e2ce \u00e0 la semelle interm\u00e9diaire Phylon et \u00e0 l'unit\u00e9 Air-Sole visible au talon.Semelle ext\u00e9rieure en caoutchouc solide pour une adh\u00e9rence exceptionnelle.Symbole de style intemporel avec logo Jumpman et semelle ext\u00e9rieure translucide.Choix incontournable pour les passionn\u00e9s de basketball et les collectionneurs de sneakers.Alliance parfaite de l'esth\u00e9tique moderne, des performances et de l'h\u00e9ritage l\u00e9gendaire d'Air Jordan. La paire est disponible \u00e0 Abidjan en C\u00f4te D'ivoire sur darkstore225.\",\"breadcrumb\":{\"@id\":\"https:\\\/\\\/darkstore225.com\\\/index.php\\\/produit\\\/air-jordan-11-gris\\\/#breadcrumb\"},\"inLanguage\":\"fr-FR\",\"potentialAction\":[{\"@type\":\"ReadAction\",\"target\":[\"https:\\\/\\\/darkstore225.com\\\/index.php\\\/produit\\\/air-jordan-11-gris\\\/\"]}]},{\"@type\":\"ImageObject\",\"inLanguage\":\"fr-FR\",\"@id\":\"https:\\\/\\\/darkstore225.com\\\/index.php\\\/produit\\\/air-jordan-11-gris\\\/#primaryimage\",\"url\":\"https:\\\/\\\/darkstore225.com\\\/wp-content\\\/uploads\\\/2023\\\/06\\\/6ad7e15767e363cd1943659fd61cf42d.jpg\",\"contentUrl\":\"https:\\\/\\\/darkstore225.com\\\/wp-content\\\/uploads\\\/2023\\\/06\\\/6ad7e15767e363cd1943659fd61cf42d.jpg\",\"width\":564,\"height\":564},{\"@type\":\"BreadcrumbList\",\"@id\":\"https:\\\/\\\/darkstore225.com\\\/index.php\\\/produit\\\/air-jordan-11-gris\\\/#breadcrumb\",\"itemListElement\":[{\"@type\":\"ListItem\",\"position\":1,\"name\":\"Accueil\",\"item\":\"https:\\\/\\\/darkstore225.com\\\/\"},{\"@type\":\"ListItem\",\"position\":2,\"name\":\"Boutique\",\"item\":\"https:\\\/\\\/darkstore225.com\\\/index.php\\\/shop\\\/\"},{\"@type\":\"ListItem\",\"position\":3,\"name\":\"Air jordan 11 grey\"}]},{\"@type\":\"WebSite\",\"@id\":\"https:\\\/\\\/darkstore225.com\\\/#website\",\"url\":\"https:\\\/\\\/darkstore225.com\\\/\",\"name\":\"Dark Store 225\",\"description\":\"Service, fiabilit\u00e9 , authenticit\u00e9\",\"publisher\":{\"@id\":\"https:\\\/\\\/darkstore225.com\\\/#organization\"},\"potentialAction\":[{\"@type\":\"SearchAction\",\"target\":{\"@type\":\"EntryPoint\",\"urlTemplate\":\"https:\\\/\\\/darkstore225.com\\\/?s={search_term_string}\"},\"query-input\":{\"@type\":\"PropertyValueSpecification\",\"valueRequired\":true,\"valueName\":\"search_term_string\"}}],\"inLanguage\":\"fr-FR\"},{\"@type\":\"Organization\",\"@id\":\"https:\\\/\\\/darkstore225.com\\\/#organization\",\"name\":\"Dark Store 225\",\"url\":\"https:\\\/\\\/darkstore225.com\\\/\",\"logo\":{\"@type\":\"ImageObject\",\"inLanguage\":\"fr-FR\",\"@id\":\"https:\\\/\\\/darkstore225.com\\\/#\\\/schema\\\/logo\\\/image\\\/\",\"url\":\"https:\\\/\\\/darkstore225.com\\\/wp-content\\\/uploads\\\/2023\\\/04\\\/cropped-cropped-cropped-cropped-217393446_556927015480604_2286872379373824906_n.jpg\",\"contentUrl\":\"https:\\\/\\\/darkstore225.com\\\/wp-content\\\/uploads\\\/2023\\\/04\\\/cropped-cropped-cropped-cropped-217393446_556927015480604_2286872379373824906_n.jpg\",\"width\":512,\"height\":408,\"caption\":\"Dark Store 225\"},\"image\":{\"@id\":\"https:\\\/\\\/darkstore225.com\\\/#\\\/schema\\\/logo\\\/image\\\/\"},\"sameAs\":[\"https:\\\/\\\/web.facebook.com\\\/darksquad225\\\/?_rdc=1&_rdr\",\"https:\\\/\\\/www.instagram.com\\\/dark_squad_225\\\/\"]}]}<\/script>\n<!-- \/ Yoast SEO plugin. -->","yoast_head_json":{"title":"Air jordan 11 grey - Dark Store 225","description":"Air Jordan 11 Grey. Style et performance embl\u00e9matiques.Design \u00e9l\u00e9gant et moderne avec cuir et mesh de haute qualit\u00e9.Couleur grise polyvalente pour s'adapter \u00e0 toutes les tenues.Amorti r\u00e9actif et soutien optimal gr\u00e2ce \u00e0 la semelle interm\u00e9diaire Phylon et \u00e0 l'unit\u00e9 Air-Sole visible au talon.Semelle ext\u00e9rieure en caoutchouc solide pour une adh\u00e9rence exceptionnelle.Symbole de style intemporel avec logo Jumpman et semelle ext\u00e9rieure translucide.Choix incontournable pour les passionn\u00e9s de basketball et les collectionneurs de sneakers.Alliance parfaite de l'esth\u00e9tique moderne, des performances et de l'h\u00e9ritage l\u00e9gendaire d'Air Jordan. La paire est disponible \u00e0 Abidjan en C\u00f4te D'ivoire sur darkstore225.","robots":{"index":"index","follow":"follow","max-snippet":"max-snippet:-1","max-image-preview":"max-image-preview:large","max-video-preview":"max-video-preview:-1"},"canonical":"https:\/\/darkstore225.com\/index.php\/produit\/air-jordan-11-gris\/","og_locale":"fr_FR","og_type":"article","og_title":"Air jordan 11 grey - Dark Store 225","og_description":"Air Jordan 11 Grey. Style et performance embl\u00e9matiques.Design \u00e9l\u00e9gant et moderne avec cuir et mesh de haute qualit\u00e9.Couleur grise polyvalente pour s'adapter \u00e0 toutes les tenues.Amorti r\u00e9actif et soutien optimal gr\u00e2ce \u00e0 la semelle interm\u00e9diaire Phylon et \u00e0 l'unit\u00e9 Air-Sole visible au talon.Semelle ext\u00e9rieure en caoutchouc solide pour une adh\u00e9rence exceptionnelle.Symbole de style intemporel avec logo Jumpman et semelle ext\u00e9rieure translucide.Choix incontournable pour les passionn\u00e9s de basketball et les collectionneurs de sneakers.Alliance parfaite de l'esth\u00e9tique moderne, des performances et de l'h\u00e9ritage l\u00e9gendaire d'Air Jordan. La paire est disponible \u00e0 Abidjan en C\u00f4te D'ivoire sur darkstore225.","og_url":"https:\/\/darkstore225.com\/index.php\/produit\/air-jordan-11-gris\/","og_site_name":"Dark Store 225","article_publisher":"https:\/\/web.facebook.com\/darksquad225\/?_rdc=1&_rdr","article_modified_time":"2023-11-17T23:39:47+00:00","og_image":[{"width":564,"height":564,"url":"https:\/\/darkstore225.com\/wp-content\/uploads\/2023\/06\/6ad7e15767e363cd1943659fd61cf42d.jpg","type":"image\/jpeg"}],"twitter_card":"summary_large_image","twitter_misc":{"Dur\u00e9e de lecture estim\u00e9e":"1 minute"},"schema":{"@context":"https:\/\/schema.org","@graph":[{"@type":"WebPage","@id":"https:\/\/darkstore225.com\/index.php\/produit\/air-jordan-11-gris\/","url":"https:\/\/darkstore225.com\/index.php\/produit\/air-jordan-11-gris\/","name":"Air jordan 11 grey - Dark Store 225","isPartOf":{"@id":"https:\/\/darkstore225.com\/#website"},"primaryImageOfPage":{"@id":"https:\/\/darkstore225.com\/index.php\/produit\/air-jordan-11-gris\/#primaryimage"},"image":{"@id":"https:\/\/darkstore225.com\/index.php\/produit\/air-jordan-11-gris\/#primaryimage"},"thumbnailUrl":"https:\/\/darkstore225.com\/wp-content\/uploads\/2023\/06\/6ad7e15767e363cd1943659fd61cf42d.jpg","datePublished":"2023-06-02T10:03:14+00:00","dateModified":"2023-11-17T23:39:47+00:00","description":"Air Jordan 11 Grey. Style et performance embl\u00e9matiques.Design \u00e9l\u00e9gant et moderne avec cuir et mesh de haute qualit\u00e9.Couleur grise polyvalente pour s'adapter \u00e0 toutes les tenues.Amorti r\u00e9actif et soutien optimal gr\u00e2ce \u00e0 la semelle interm\u00e9diaire Phylon et \u00e0 l'unit\u00e9 Air-Sole visible au talon.Semelle ext\u00e9rieure en caoutchouc solide pour une adh\u00e9rence exceptionnelle.Symbole de style intemporel avec logo Jumpman et semelle ext\u00e9rieure translucide.Choix incontournable pour les passionn\u00e9s de basketball et les collectionneurs de sneakers.Alliance parfaite de l'esth\u00e9tique moderne, des performances et de l'h\u00e9ritage l\u00e9gendaire d'Air Jordan. La paire est disponible \u00e0 Abidjan en C\u00f4te D'ivoire sur darkstore225.","breadcrumb":{"@id":"https:\/\/darkstore225.com\/index.php\/produit\/air-jordan-11-gris\/#breadcrumb"},"inLanguage":"fr-FR","potentialAction":[{"@type":"ReadAction","target":["https:\/\/darkstore225.com\/index.php\/produit\/air-jordan-11-gris\/"]}]},{"@type":"ImageObject","inLanguage":"fr-FR","@id":"https:\/\/darkstore225.com\/index.php\/produit\/air-jordan-11-gris\/#primaryimage","url":"https:\/\/darkstore225.com\/wp-content\/uploads\/2023\/06\/6ad7e15767e363cd1943659fd61cf42d.jpg","contentUrl":"https:\/\/darkstore225.com\/wp-content\/uploads\/2023\/06\/6ad7e15767e363cd1943659fd61cf42d.jpg","width":564,"height":564},{"@type":"BreadcrumbList","@id":"https:\/\/darkstore225.com\/index.php\/produit\/air-jordan-11-gris\/#breadcrumb","itemListElement":[{"@type":"ListItem","position":1,"name":"Accueil","item":"https:\/\/darkstore225.com\/"},{"@type":"ListItem","position":2,"name":"Boutique","item":"https:\/\/darkstore225.com\/index.php\/shop\/"},{"@type":"ListItem","position":3,"name":"Air jordan 11 grey"}]},{"@type":"WebSite","@id":"https:\/\/darkstore225.com\/#website","url":"https:\/\/darkstore225.com\/","name":"Dark Store 225","description":"Service, fiabilit\u00e9 , authenticit\u00e9","publisher":{"@id":"https:\/\/darkstore225.com\/#organization"},"potentialAction":[{"@type":"SearchAction","target":{"@type":"EntryPoint","urlTemplate":"https:\/\/darkstore225.com\/?s={search_term_string}"},"query-input":{"@type":"PropertyValueSpecification","valueRequired":true,"valueName":"search_term_string"}}],"inLanguage":"fr-FR"},{"@type":"Organization","@id":"https:\/\/darkstore225.com\/#organization","name":"Dark Store 225","url":"https:\/\/darkstore225.com\/","logo":{"@type":"ImageObject","inLanguage":"fr-FR","@id":"https:\/\/darkstore225.com\/#\/schema\/logo\/image\/","url":"https:\/\/darkstore225.com\/wp-content\/uploads\/2023\/04\/cropped-cropped-cropped-cropped-217393446_556927015480604_2286872379373824906_n.jpg","contentUrl":"https:\/\/darkstore225.com\/wp-content\/uploads\/2023\/04\/cropped-cropped-cropped-cropped-217393446_556927015480604_2286872379373824906_n.jpg","width":512,"height":408,"caption":"Dark Store 225"},"image":{"@id":"https:\/\/darkstore225.com\/#\/schema\/logo\/image\/"},"sameAs":["https:\/\/web.facebook.com\/darksquad225\/?_rdc=1&_rdr","https:\/\/www.instagram.com\/dark_squad_225\/"]}]}},"uagb_featured_image_src":{"full":["https:\/\/darkstore225.com\/wp-content\/uploads\/2023\/06\/6ad7e15767e363cd1943659fd61cf42d.jpg",564,564,false],"thumbnail":["https:\/\/darkstore225.com\/wp-content\/uploads\/2023\/06\/6ad7e15767e363cd1943659fd61cf42d-300x300.jpg",300,300,true],"medium":["https:\/\/darkstore225.com\/wp-content\/uploads\/2023\/06\/6ad7e15767e363cd1943659fd61cf42d-300x300.jpg",300,300,true],"medium_large":["https:\/\/darkstore225.com\/wp-content\/uploads\/2023\/06\/6ad7e15767e363cd1943659fd61cf42d.jpg",564,564,false],"large":["https:\/\/darkstore225.com\/wp-content\/uploads\/2023\/06\/6ad7e15767e363cd1943659fd61cf42d.jpg",564,564,false],"1536x1536":["https:\/\/darkstore225.com\/wp-content\/uploads\/2023\/06\/6ad7e15767e363cd1943659fd61cf42d.jpg",564,564,false],"2048x2048":["https:\/\/darkstore225.com\/wp-content\/uploads\/2023\/06\/6ad7e15767e363cd1943659fd61cf42d.jpg",564,564,false],"woocommerce_thumbnail":["https:\/\/darkstore225.com\/wp-content\/uploads\/2023\/06\/6ad7e15767e363cd1943659fd61cf42d-500x500.jpg",500,500,true],"woocommerce_single":["https:\/\/darkstore225.com\/wp-content\/uploads\/2023\/06\/6ad7e15767e363cd1943659fd61cf42d.jpg",564,564,false],"woocommerce_gallery_thumbnail":["https:\/\/darkstore225.com\/wp-content\/uploads\/2023\/06\/6ad7e15767e363cd1943659fd61cf42d-100x100.jpg",100,100,true]},"uagb_author_info":{"display_name":"madxbeatzmusic","author_link":"https:\/\/darkstore225.com\/index.php\/author\/"},"uagb_comment_info":0,"uagb_excerpt":"Air Jordan 11 Grey. Style et performance embl\u00e9matiques. Design \u00e9l\u00e9gant et moderne avec cuir et mesh de haute qualit\u00e9. Couleur grise polyvalente pour s&rsquo;adapter \u00e0 toutes les tenues. Amorti r\u00e9actif et soutien optimal gr\u00e2ce \u00e0 la semelle interm\u00e9diaire Phylon et \u00e0 l&rsquo;unit\u00e9 Air-Sole visible au talon. Semelle ext\u00e9rieure en caoutchouc solide pour une adh\u00e9rence exceptionnelle.\u2026","_links":{"self":[{"href":"https:\/\/darkstore225.com\/index.php\/wp-json\/wp\/v2\/product\/5078","targetHints":{"allow":["GET"]}}],"collection":[{"href":"https:\/\/darkstore225.com\/index.php\/wp-json\/wp\/v2\/product"}],"about":[{"href":"https:\/\/darkstore225.com\/index.php\/wp-json\/wp\/v2\/types\/product"}],"replies":[{"embeddable":true,"href":"https:\/\/darkstore225.com\/index.php\/wp-json\/wp\/v2\/comments?post=5078"}],"version-history":[{"count":4,"href":"https:\/\/darkstore225.com\/index.php\/wp-json\/wp\/v2\/product\/5078\/revisions"}],"predecessor-version":[{"id":5686,"href":"https:\/\/darkstore225.com\/index.php\/wp-json\/wp\/v2\/product\/5078\/revisions\/5686"}],"wp:featuredmedia":[{"embeddable":true,"href":"https:\/\/darkstore225.com\/index.php\/wp-json\/wp\/v2\/media\/6061"}],"wp:attachment":[{"href":"https:\/\/darkstore225.com\/index.php\/wp-json\/wp\/v2\/media?parent=5078"}],"wp:term":[{"taxonomy":"product_brand","embeddable":true,"href":"https:\/\/darkstore225.com\/index.php\/wp-json\/wp\/v2\/product_brand?post=5078"},{"taxonomy":"product_cat","embeddable":true,"href":"https:\/\/darkstore225.com\/index.php\/wp-json\/wp\/v2\/product_cat?post=5078"},{"taxonomy":"product_tag","embeddable":true,"href":"https:\/\/darkstore225.com\/index.php\/wp-json\/wp\/v2\/product_tag?post=5078"}],"curies":[{"name":"wp","href":"https:\/\/api.w.org\/{rel}","templated":true}]}}