{"id":172,"date":"2023-03-28T22:47:18","date_gmt":"2023-03-28T22:47:18","guid":{"rendered":"https:\/\/darkstore225.com\/?post_type=product&#038;p=172"},"modified":"2023-11-15T21:49:29","modified_gmt":"2023-11-15T21:49:29","slug":"nike-air-force-1-2","status":"publish","type":"product","link":"https:\/\/darkstore225.com\/index.php\/produit\/nike-air-force-1-2\/","title":{"rendered":"Nike Air force 1"},"content":{"rendered":"<p>La Nike Air Force 1 est une sneaker iconique de la marque Nike, qui a connu un immense succ\u00e8s depuis sa cr\u00e9ation en 1982. Elle a \u00e9t\u00e9 con\u00e7ue pour les joueurs de basket-ball professionnels, mais est rapidement devenue populaire dans la culture streetwear. La Nike Air Force 1 se caract\u00e9rise par une empeigne en cuir lisse ou en daim, une semelle en caoutchouc et une silhouette \u00e9l\u00e9gante et \u00e9pur\u00e9e. Le mod\u00e8le est souvent reconnaissable gr\u00e2ce \u00e0 son c\u00e9l\u00e8bre Swoosh lat\u00e9ral et \u00e0 son logo Air Force 1 sur le talon. Disponible dans une vari\u00e9t\u00e9 de coloris, la Nike Air Force 1 est appr\u00e9ci\u00e9e pour son confort, sa durabilit\u00e9 et sa polyvalence, pouvant \u00eatre port\u00e9e aussi bien avec un jean qu&rsquo;avec un pantalon de surv\u00eatement. En somme, c&rsquo;est une chaussure incontournable pour les amateurs de mode urbaine qui cherchent un look intemporel et d\u00e9contract\u00e9.<\/p>\n","protected":false},"excerpt":{"rendered":"<p>La Nike Air Force 1 est une sneaker iconique de la marque Nike, qui a connu un immense succ\u00e8s depuis sa cr\u00e9ation en 1982. Elle a \u00e9t\u00e9 con\u00e7ue pour les joueurs de basket-ball professionnels, mais est rapidement devenue populaire dans la culture streetwear. La Nike Air Force 1 se caract\u00e9rise par une empeigne en cuir [&hellip;]<\/p>\n","protected":false},"featured_media":168,"comment_status":"open","ping_status":"closed","template":"","meta":{"_uag_custom_page_level_css":"","site-sidebar-layout":"default","site-content-layout":"default","ast-site-content-layout":"default","site-content-style":"default","site-sidebar-style":"default","ast-global-header-display":"","ast-banner-title-visibility":"","ast-main-header-display":"","ast-hfb-above-header-display":"","ast-hfb-below-header-display":"","ast-hfb-mobile-header-display":"","site-post-title":"","ast-breadcrumbs-content":"","ast-featured-img":"","footer-sml-layout":"","ast-disable-related-posts":"","theme-transparent-header-meta":"default","adv-header-id-meta":"","stick-header-meta":"","header-above-stick-meta":"","header-main-stick-meta":"","header-below-stick-meta":"","astra-migrate-meta-layouts":"default","ast-page-background-enabled":"default","ast-page-background-meta":{"desktop":{"background-color":"","background-image":"","background-repeat":"repeat","background-position":"center center","background-size":"auto","background-attachment":"scroll","background-type":"","background-media":"","overlay-type":"","overlay-color":"","overlay-opacity":"","overlay-gradient":""},"tablet":{"background-color":"","background-image":"","background-repeat":"repeat","background-position":"center center","background-size":"auto","background-attachment":"scroll","background-type":"","background-media":"","overlay-type":"","overlay-color":"","overlay-opacity":"","overlay-gradient":""},"mobile":{"background-color":"","background-image":"","background-repeat":"repeat","background-position":"center center","background-size":"auto","background-attachment":"scroll","background-type":"","background-media":"","overlay-type":"","overlay-color":"","overlay-opacity":"","overlay-gradient":""}},"ast-content-background-meta":{"desktop":{"background-color":"var(--ast-global-color-5)","background-image":"","background-repeat":"repeat","background-position":"center center","background-size":"auto","background-attachment":"scroll","background-type":"","background-media":"","overlay-type":"","overlay-color":"","overlay-opacity":"","overlay-gradient":""},"tablet":{"background-color":"var(--ast-global-color-5)","background-image":"","background-repeat":"repeat","background-position":"center center","background-size":"auto","background-attachment":"scroll","background-type":"","background-media":"","overlay-type":"","overlay-color":"","overlay-opacity":"","overlay-gradient":""},"mobile":{"background-color":"var(--ast-global-color-5)","background-image":"","background-repeat":"repeat","background-position":"center center","background-size":"auto","background-attachment":"scroll","background-type":"","background-media":"","overlay-type":"","overlay-color":"","overlay-opacity":"","overlay-gradient":""}}},"product_brand":[],"product_cat":[92],"product_tag":[82,66,64,44,81,58],"class_list":{"0":"post-172","1":"product","2":"type-product","3":"status-publish","4":"has-post-thumbnail","6":"product_cat-nike","7":"product_tag-air-force","8":"product_tag-chaussure","9":"product_tag-femme","10":"product_tag-homme","11":"product_tag-nike","12":"product_tag-noir","13":"pa_pointure-30","14":"pa_pointure-31","15":"pa_pointure-32","16":"pa_pointure-33","17":"pa_pointure-34","18":"pa_pointure-35","19":"desktop-align-left","20":"tablet-align-left","21":"mobile-align-left","23":"first","24":"instock","25":"sale","26":"purchasable","27":"product-type-variable"},"yoast_head":"<!-- This site is optimized with the Yoast SEO plugin v27.6 - https:\/\/yoast.com\/product\/yoast-seo-wordpress\/ -->\n<title>Nike Air force 1 - Dark Store 225<\/title>\n<meta name=\"robots\" content=\"index, follow, max-snippet:-1, max-image-preview:large, max-video-preview:-1\" \/>\n<link rel=\"canonical\" href=\"https:\/\/darkstore225.com\/index.php\/produit\/nike-air-force-1-2\/\" \/>\n<meta property=\"og:locale\" content=\"fr_FR\" \/>\n<meta property=\"og:type\" content=\"article\" \/>\n<meta property=\"og:title\" content=\"Nike Air force 1 - Dark Store 225\" \/>\n<meta property=\"og:description\" content=\"La Nike Air Force 1 est une sneaker iconique de la marque Nike, qui a connu un immense succ\u00e8s depuis sa cr\u00e9ation en 1982. Elle a \u00e9t\u00e9 con\u00e7ue pour les joueurs de basket-ball professionnels, mais est rapidement devenue populaire dans la culture streetwear. La Nike Air Force 1 se caract\u00e9rise par une empeigne en cuir [&hellip;]\" \/>\n<meta property=\"og:url\" content=\"https:\/\/darkstore225.com\/index.php\/produit\/nike-air-force-1-2\/\" \/>\n<meta property=\"og:site_name\" content=\"Dark Store 225\" \/>\n<meta property=\"article:publisher\" content=\"https:\/\/web.facebook.com\/darksquad225\/?_rdc=1&amp;_rdr\" \/>\n<meta property=\"article:modified_time\" content=\"2023-11-15T21:49:29+00:00\" \/>\n<meta property=\"og:image\" content=\"https:\/\/darkstore225.com\/wp-content\/uploads\/2023\/03\/2023-03-29-6.png\" \/>\n\t<meta property=\"og:image:width\" content=\"727\" \/>\n\t<meta property=\"og:image:height\" content=\"878\" \/>\n\t<meta property=\"og:image:type\" content=\"image\/png\" \/>\n<meta name=\"twitter:card\" content=\"summary_large_image\" \/>\n<meta name=\"twitter:label1\" content=\"Dur\u00e9e de lecture estim\u00e9e\" \/>\n\t<meta name=\"twitter:data1\" content=\"1 minute\" \/>\n<script type=\"application\/ld+json\" class=\"yoast-schema-graph\">{\"@context\":\"https:\\\/\\\/schema.org\",\"@graph\":[{\"@type\":\"WebPage\",\"@id\":\"https:\\\/\\\/darkstore225.com\\\/index.php\\\/produit\\\/nike-air-force-1-2\\\/\",\"url\":\"https:\\\/\\\/darkstore225.com\\\/index.php\\\/produit\\\/nike-air-force-1-2\\\/\",\"name\":\"Nike Air force 1 - Dark Store 225\",\"isPartOf\":{\"@id\":\"https:\\\/\\\/darkstore225.com\\\/#website\"},\"primaryImageOfPage\":{\"@id\":\"https:\\\/\\\/darkstore225.com\\\/index.php\\\/produit\\\/nike-air-force-1-2\\\/#primaryimage\"},\"image\":{\"@id\":\"https:\\\/\\\/darkstore225.com\\\/index.php\\\/produit\\\/nike-air-force-1-2\\\/#primaryimage\"},\"thumbnailUrl\":\"https:\\\/\\\/darkstore225.com\\\/wp-content\\\/uploads\\\/2023\\\/03\\\/2023-03-29-6.png\",\"datePublished\":\"2023-03-28T22:47:18+00:00\",\"dateModified\":\"2023-11-15T21:49:29+00:00\",\"breadcrumb\":{\"@id\":\"https:\\\/\\\/darkstore225.com\\\/index.php\\\/produit\\\/nike-air-force-1-2\\\/#breadcrumb\"},\"inLanguage\":\"fr-FR\",\"potentialAction\":[{\"@type\":\"ReadAction\",\"target\":[\"https:\\\/\\\/darkstore225.com\\\/index.php\\\/produit\\\/nike-air-force-1-2\\\/\"]}]},{\"@type\":\"ImageObject\",\"inLanguage\":\"fr-FR\",\"@id\":\"https:\\\/\\\/darkstore225.com\\\/index.php\\\/produit\\\/nike-air-force-1-2\\\/#primaryimage\",\"url\":\"https:\\\/\\\/darkstore225.com\\\/wp-content\\\/uploads\\\/2023\\\/03\\\/2023-03-29-6.png\",\"contentUrl\":\"https:\\\/\\\/darkstore225.com\\\/wp-content\\\/uploads\\\/2023\\\/03\\\/2023-03-29-6.png\",\"width\":727,\"height\":878},{\"@type\":\"BreadcrumbList\",\"@id\":\"https:\\\/\\\/darkstore225.com\\\/index.php\\\/produit\\\/nike-air-force-1-2\\\/#breadcrumb\",\"itemListElement\":[{\"@type\":\"ListItem\",\"position\":1,\"name\":\"Accueil\",\"item\":\"https:\\\/\\\/darkstore225.com\\\/\"},{\"@type\":\"ListItem\",\"position\":2,\"name\":\"Boutique\",\"item\":\"https:\\\/\\\/darkstore225.com\\\/index.php\\\/shop\\\/\"},{\"@type\":\"ListItem\",\"position\":3,\"name\":\"Nike Air force 1\"}]},{\"@type\":\"WebSite\",\"@id\":\"https:\\\/\\\/darkstore225.com\\\/#website\",\"url\":\"https:\\\/\\\/darkstore225.com\\\/\",\"name\":\"Dark Store 225\",\"description\":\"Service, fiabilit\u00e9 , authenticit\u00e9\",\"publisher\":{\"@id\":\"https:\\\/\\\/darkstore225.com\\\/#organization\"},\"potentialAction\":[{\"@type\":\"SearchAction\",\"target\":{\"@type\":\"EntryPoint\",\"urlTemplate\":\"https:\\\/\\\/darkstore225.com\\\/?s={search_term_string}\"},\"query-input\":{\"@type\":\"PropertyValueSpecification\",\"valueRequired\":true,\"valueName\":\"search_term_string\"}}],\"inLanguage\":\"fr-FR\"},{\"@type\":\"Organization\",\"@id\":\"https:\\\/\\\/darkstore225.com\\\/#organization\",\"name\":\"Dark Store 225\",\"url\":\"https:\\\/\\\/darkstore225.com\\\/\",\"logo\":{\"@type\":\"ImageObject\",\"inLanguage\":\"fr-FR\",\"@id\":\"https:\\\/\\\/darkstore225.com\\\/#\\\/schema\\\/logo\\\/image\\\/\",\"url\":\"https:\\\/\\\/darkstore225.com\\\/wp-content\\\/uploads\\\/2023\\\/04\\\/cropped-cropped-cropped-cropped-217393446_556927015480604_2286872379373824906_n.jpg\",\"contentUrl\":\"https:\\\/\\\/darkstore225.com\\\/wp-content\\\/uploads\\\/2023\\\/04\\\/cropped-cropped-cropped-cropped-217393446_556927015480604_2286872379373824906_n.jpg\",\"width\":512,\"height\":408,\"caption\":\"Dark Store 225\"},\"image\":{\"@id\":\"https:\\\/\\\/darkstore225.com\\\/#\\\/schema\\\/logo\\\/image\\\/\"},\"sameAs\":[\"https:\\\/\\\/web.facebook.com\\\/darksquad225\\\/?_rdc=1&_rdr\",\"https:\\\/\\\/www.instagram.com\\\/dark_squad_225\\\/\"]}]}<\/script>\n<!-- \/ Yoast SEO plugin. -->","yoast_head_json":{"title":"Nike Air force 1 - Dark Store 225","robots":{"index":"index","follow":"follow","max-snippet":"max-snippet:-1","max-image-preview":"max-image-preview:large","max-video-preview":"max-video-preview:-1"},"canonical":"https:\/\/darkstore225.com\/index.php\/produit\/nike-air-force-1-2\/","og_locale":"fr_FR","og_type":"article","og_title":"Nike Air force 1 - Dark Store 225","og_description":"La Nike Air Force 1 est une sneaker iconique de la marque Nike, qui a connu un immense succ\u00e8s depuis sa cr\u00e9ation en 1982. Elle a \u00e9t\u00e9 con\u00e7ue pour les joueurs de basket-ball professionnels, mais est rapidement devenue populaire dans la culture streetwear. La Nike Air Force 1 se caract\u00e9rise par une empeigne en cuir [&hellip;]","og_url":"https:\/\/darkstore225.com\/index.php\/produit\/nike-air-force-1-2\/","og_site_name":"Dark Store 225","article_publisher":"https:\/\/web.facebook.com\/darksquad225\/?_rdc=1&_rdr","article_modified_time":"2023-11-15T21:49:29+00:00","og_image":[{"width":727,"height":878,"url":"https:\/\/darkstore225.com\/wp-content\/uploads\/2023\/03\/2023-03-29-6.png","type":"image\/png"}],"twitter_card":"summary_large_image","twitter_misc":{"Dur\u00e9e de lecture estim\u00e9e":"1 minute"},"schema":{"@context":"https:\/\/schema.org","@graph":[{"@type":"WebPage","@id":"https:\/\/darkstore225.com\/index.php\/produit\/nike-air-force-1-2\/","url":"https:\/\/darkstore225.com\/index.php\/produit\/nike-air-force-1-2\/","name":"Nike Air force 1 - Dark Store 225","isPartOf":{"@id":"https:\/\/darkstore225.com\/#website"},"primaryImageOfPage":{"@id":"https:\/\/darkstore225.com\/index.php\/produit\/nike-air-force-1-2\/#primaryimage"},"image":{"@id":"https:\/\/darkstore225.com\/index.php\/produit\/nike-air-force-1-2\/#primaryimage"},"thumbnailUrl":"https:\/\/darkstore225.com\/wp-content\/uploads\/2023\/03\/2023-03-29-6.png","datePublished":"2023-03-28T22:47:18+00:00","dateModified":"2023-11-15T21:49:29+00:00","breadcrumb":{"@id":"https:\/\/darkstore225.com\/index.php\/produit\/nike-air-force-1-2\/#breadcrumb"},"inLanguage":"fr-FR","potentialAction":[{"@type":"ReadAction","target":["https:\/\/darkstore225.com\/index.php\/produit\/nike-air-force-1-2\/"]}]},{"@type":"ImageObject","inLanguage":"fr-FR","@id":"https:\/\/darkstore225.com\/index.php\/produit\/nike-air-force-1-2\/#primaryimage","url":"https:\/\/darkstore225.com\/wp-content\/uploads\/2023\/03\/2023-03-29-6.png","contentUrl":"https:\/\/darkstore225.com\/wp-content\/uploads\/2023\/03\/2023-03-29-6.png","width":727,"height":878},{"@type":"BreadcrumbList","@id":"https:\/\/darkstore225.com\/index.php\/produit\/nike-air-force-1-2\/#breadcrumb","itemListElement":[{"@type":"ListItem","position":1,"name":"Accueil","item":"https:\/\/darkstore225.com\/"},{"@type":"ListItem","position":2,"name":"Boutique","item":"https:\/\/darkstore225.com\/index.php\/shop\/"},{"@type":"ListItem","position":3,"name":"Nike Air force 1"}]},{"@type":"WebSite","@id":"https:\/\/darkstore225.com\/#website","url":"https:\/\/darkstore225.com\/","name":"Dark Store 225","description":"Service, fiabilit\u00e9 , authenticit\u00e9","publisher":{"@id":"https:\/\/darkstore225.com\/#organization"},"potentialAction":[{"@type":"SearchAction","target":{"@type":"EntryPoint","urlTemplate":"https:\/\/darkstore225.com\/?s={search_term_string}"},"query-input":{"@type":"PropertyValueSpecification","valueRequired":true,"valueName":"search_term_string"}}],"inLanguage":"fr-FR"},{"@type":"Organization","@id":"https:\/\/darkstore225.com\/#organization","name":"Dark Store 225","url":"https:\/\/darkstore225.com\/","logo":{"@type":"ImageObject","inLanguage":"fr-FR","@id":"https:\/\/darkstore225.com\/#\/schema\/logo\/image\/","url":"https:\/\/darkstore225.com\/wp-content\/uploads\/2023\/04\/cropped-cropped-cropped-cropped-217393446_556927015480604_2286872379373824906_n.jpg","contentUrl":"https:\/\/darkstore225.com\/wp-content\/uploads\/2023\/04\/cropped-cropped-cropped-cropped-217393446_556927015480604_2286872379373824906_n.jpg","width":512,"height":408,"caption":"Dark Store 225"},"image":{"@id":"https:\/\/darkstore225.com\/#\/schema\/logo\/image\/"},"sameAs":["https:\/\/web.facebook.com\/darksquad225\/?_rdc=1&_rdr","https:\/\/www.instagram.com\/dark_squad_225\/"]}]}},"uagb_featured_image_src":{"full":["https:\/\/darkstore225.com\/wp-content\/uploads\/2023\/03\/2023-03-29-6.png",727,878,false],"thumbnail":["https:\/\/darkstore225.com\/wp-content\/uploads\/2023\/03\/2023-03-29-6-150x150.png",150,150,true],"medium":["https:\/\/darkstore225.com\/wp-content\/uploads\/2023\/03\/2023-03-29-6-248x300.png",248,300,true],"medium_large":["https:\/\/darkstore225.com\/wp-content\/uploads\/2023\/03\/2023-03-29-6.png",727,878,false],"large":["https:\/\/darkstore225.com\/wp-content\/uploads\/2023\/03\/2023-03-29-6.png",727,878,false],"1536x1536":["https:\/\/darkstore225.com\/wp-content\/uploads\/2023\/03\/2023-03-29-6.png",727,878,false],"2048x2048":["https:\/\/darkstore225.com\/wp-content\/uploads\/2023\/03\/2023-03-29-6.png",727,878,false],"woocommerce_thumbnail":["https:\/\/darkstore225.com\/wp-content\/uploads\/2023\/03\/2023-03-29-6-500x500.png",500,500,true],"woocommerce_single":["https:\/\/darkstore225.com\/wp-content\/uploads\/2023\/03\/2023-03-29-6-600x725.png",600,725,true],"woocommerce_gallery_thumbnail":["https:\/\/darkstore225.com\/wp-content\/uploads\/2023\/03\/2023-03-29-6-100x100.png",100,100,true]},"uagb_author_info":{"display_name":"madxbeatzmusic","author_link":"https:\/\/darkstore225.com\/index.php\/author\/"},"uagb_comment_info":0,"uagb_excerpt":"La Nike Air Force 1 est une sneaker iconique de la marque Nike, qui a connu un immense succ\u00e8s depuis sa cr\u00e9ation en 1982. Elle a \u00e9t\u00e9 con\u00e7ue pour les joueurs de basket-ball professionnels, mais est rapidement devenue populaire dans la culture streetwear. La Nike Air Force 1 se caract\u00e9rise par une empeigne en cuir\u2026","_links":{"self":[{"href":"https:\/\/darkstore225.com\/index.php\/wp-json\/wp\/v2\/product\/172","targetHints":{"allow":["GET"]}}],"collection":[{"href":"https:\/\/darkstore225.com\/index.php\/wp-json\/wp\/v2\/product"}],"about":[{"href":"https:\/\/darkstore225.com\/index.php\/wp-json\/wp\/v2\/types\/product"}],"replies":[{"embeddable":true,"href":"https:\/\/darkstore225.com\/index.php\/wp-json\/wp\/v2\/comments?post=172"}],"version-history":[{"count":1,"href":"https:\/\/darkstore225.com\/index.php\/wp-json\/wp\/v2\/product\/172\/revisions"}],"predecessor-version":[{"id":5878,"href":"https:\/\/darkstore225.com\/index.php\/wp-json\/wp\/v2\/product\/172\/revisions\/5878"}],"wp:featuredmedia":[{"embeddable":true,"href":"https:\/\/darkstore225.com\/index.php\/wp-json\/wp\/v2\/media\/168"}],"wp:attachment":[{"href":"https:\/\/darkstore225.com\/index.php\/wp-json\/wp\/v2\/media?parent=172"}],"wp:term":[{"taxonomy":"product_brand","embeddable":true,"href":"https:\/\/darkstore225.com\/index.php\/wp-json\/wp\/v2\/product_brand?post=172"},{"taxonomy":"product_cat","embeddable":true,"href":"https:\/\/darkstore225.com\/index.php\/wp-json\/wp\/v2\/product_cat?post=172"},{"taxonomy":"product_tag","embeddable":true,"href":"https:\/\/darkstore225.com\/index.php\/wp-json\/wp\/v2\/product_tag?post=172"}],"curies":[{"name":"wp","href":"https:\/\/api.w.org\/{rel}","templated":true}]}}