{"id":1390,"date":"2023-04-16T00:02:22","date_gmt":"2023-04-16T00:02:22","guid":{"rendered":"https:\/\/darkstore225.com\/?post_type=product&#038;p=1390"},"modified":"2025-10-30T16:25:43","modified_gmt":"2025-10-30T16:25:43","slug":"1390","status":"publish","type":"product","link":"https:\/\/darkstore225.com\/index.php\/produit\/1390\/","title":{"rendered":"Drake x Nike Hot Step Air Terra NOCTA"},"content":{"rendered":"<p>Les chaussures Drake x Nike Hot Step Air Terra NOCTA sont une collaboration unique entre le c\u00e9l\u00e8bre artiste et la marque de sportswear embl\u00e9matique. Con\u00e7ues pour offrir un style et des performances sup\u00e9rieurs, ces chaussures sont parfaites pour les personnes qui cherchent \u00e0 se d\u00e9marquer de la foule.<\/p>\n<p>Le mod\u00e8le est dot\u00e9 d&rsquo;une empeigne en maille noire avec des superpositions en cuir synth\u00e9tique, qui conf\u00e8rent une durabilit\u00e9 accrue et un style \u00e9l\u00e9gant. Le logo NOCTA est plac\u00e9 sur la langue et les c\u00f4t\u00e9s ext\u00e9rieurs de la chaussure, ajoutant une touche de sophistication \u00e0 l&rsquo;ensemble.<\/p>\n<p>La semelle intercalaire offre un amorti optimal pour une foul\u00e9e confortable, tandis que la semelle ext\u00e9rieure en caoutchouc offre une adh\u00e9rence sup\u00e9rieure sur toutes les surfaces. Les lacets noirs permettent un ajustement parfait pour un confort maximal pendant l&rsquo;utilisation.<\/p>\n<p>Le design \u00e9pur\u00e9 et minimaliste de la Drake x Nike Hot Step Air Terra NOCTA en fait une chaussure polyvalente qui convient \u00e0 toutes les occasions, qu&rsquo;il s&rsquo;agisse d&rsquo;une journ\u00e9e d\u00e9contract\u00e9e ou d&rsquo;une soir\u00e9e plus habill\u00e9e. Les d\u00e9tails r\u00e9fl\u00e9chissants ajoutent \u00e9galement une touche de s\u00e9curit\u00e9 suppl\u00e9mentaire pour les activit\u00e9s nocturnes.<\/p>\n<p>En somme, la Drake x Nike Hot Step Air Terra NOCTA est une chaussure de sport haut de gamme qui allie style et fonctionnalit\u00e9 de mani\u00e8re unique. Elle est id\u00e9ale pour les personnes qui cherchent \u00e0 ajouter une touche de sophistication \u00e0 leur garde-robe, tout en b\u00e9n\u00e9ficiant d&rsquo;un confort optimal pendant l&rsquo;utilisation.<\/p>\n","protected":false},"excerpt":{"rendered":"<p>Les chaussures Drake x Nike Hot Step Air Terra NOCTA sont une collaboration unique entre le c\u00e9l\u00e8bre artiste et la marque de sportswear embl\u00e9matique. Con\u00e7ues pour offrir un style et des performances sup\u00e9rieurs, ces chaussures sont parfaites pour les personnes qui cherchent \u00e0 se d\u00e9marquer de la foule. Le mod\u00e8le est dot\u00e9 d&rsquo;une empeigne en [&hellip;]<\/p>\n","protected":false},"featured_media":6059,"comment_status":"open","ping_status":"closed","template":"","meta":{"_uag_custom_page_level_css":"","site-sidebar-layout":"default","site-content-layout":"default","ast-site-content-layout":"default","site-content-style":"default","site-sidebar-style":"default","ast-global-header-display":"","ast-banner-title-visibility":"","ast-main-header-display":"","ast-hfb-above-header-display":"","ast-hfb-below-header-display":"","ast-hfb-mobile-header-display":"","site-post-title":"","ast-breadcrumbs-content":"","ast-featured-img":"","footer-sml-layout":"","ast-disable-related-posts":"","theme-transparent-header-meta":"default","adv-header-id-meta":"","stick-header-meta":"","header-above-stick-meta":"","header-main-stick-meta":"","header-below-stick-meta":"","astra-migrate-meta-layouts":"default","ast-page-background-enabled":"default","ast-page-background-meta":{"desktop":{"background-color":"","background-image":"","background-repeat":"repeat","background-position":"center center","background-size":"auto","background-attachment":"scroll","background-type":"","background-media":"","overlay-type":"","overlay-color":"","overlay-opacity":"","overlay-gradient":""},"tablet":{"background-color":"","background-image":"","background-repeat":"repeat","background-position":"center center","background-size":"auto","background-attachment":"scroll","background-type":"","background-media":"","overlay-type":"","overlay-color":"","overlay-opacity":"","overlay-gradient":""},"mobile":{"background-color":"","background-image":"","background-repeat":"repeat","background-position":"center center","background-size":"auto","background-attachment":"scroll","background-type":"","background-media":"","overlay-type":"","overlay-color":"","overlay-opacity":"","overlay-gradient":""}},"ast-content-background-meta":{"desktop":{"background-color":"var(--ast-global-color-5)","background-image":"","background-repeat":"repeat","background-position":"center center","background-size":"auto","background-attachment":"scroll","background-type":"","background-media":"","overlay-type":"","overlay-color":"","overlay-opacity":"","overlay-gradient":""},"tablet":{"background-color":"var(--ast-global-color-5)","background-image":"","background-repeat":"repeat","background-position":"center center","background-size":"auto","background-attachment":"scroll","background-type":"","background-media":"","overlay-type":"","overlay-color":"","overlay-opacity":"","overlay-gradient":""},"mobile":{"background-color":"var(--ast-global-color-5)","background-image":"","background-repeat":"repeat","background-position":"center center","background-size":"auto","background-attachment":"scroll","background-type":"","background-media":"","overlay-type":"","overlay-color":"","overlay-opacity":"","overlay-gradient":""}}},"product_brand":[],"product_cat":[92],"product_tag":[120,81,119],"class_list":{"0":"post-1390","1":"product","2":"type-product","3":"status-publish","4":"has-post-thumbnail","6":"product_cat-nike","7":"product_tag-drake-x-nocta","8":"product_tag-nike","9":"product_tag-nocta","10":"pa_pointure-30","11":"pa_pointure-31","12":"pa_pointure-32","13":"pa_pointure-33","14":"pa_pointure-34","15":"pa_pointure-35","16":"desktop-align-left","17":"tablet-align-left","18":"mobile-align-left","20":"first","21":"instock","22":"sale","23":"shipping-taxable","24":"purchasable","25":"product-type-variable"},"yoast_head":"<!-- This site is optimized with the Yoast SEO plugin v27.6 - https:\/\/yoast.com\/product\/yoast-seo-wordpress\/ -->\n<title>Drake x Nike Hot Step Air Terra NOCTA - Dark Store 225<\/title>\n<meta name=\"robots\" content=\"index, follow, max-snippet:-1, max-image-preview:large, max-video-preview:-1\" \/>\n<link rel=\"canonical\" href=\"https:\/\/darkstore225.com\/index.php\/produit\/1390\/\" \/>\n<meta property=\"og:locale\" content=\"fr_FR\" \/>\n<meta property=\"og:type\" content=\"article\" \/>\n<meta property=\"og:title\" content=\"Drake x Nike Hot Step Air Terra NOCTA - Dark Store 225\" \/>\n<meta property=\"og:description\" content=\"Les chaussures Drake x Nike Hot Step Air Terra NOCTA sont une collaboration unique entre le c\u00e9l\u00e8bre artiste et la marque de sportswear embl\u00e9matique. Con\u00e7ues pour offrir un style et des performances sup\u00e9rieurs, ces chaussures sont parfaites pour les personnes qui cherchent \u00e0 se d\u00e9marquer de la foule. Le mod\u00e8le est dot\u00e9 d&rsquo;une empeigne en [&hellip;]\" \/>\n<meta property=\"og:url\" content=\"https:\/\/darkstore225.com\/index.php\/produit\/1390\/\" \/>\n<meta property=\"og:site_name\" content=\"Dark Store 225\" \/>\n<meta property=\"article:publisher\" content=\"https:\/\/web.facebook.com\/darksquad225\/?_rdc=1&amp;_rdr\" \/>\n<meta property=\"article:modified_time\" content=\"2025-10-30T16:25:43+00:00\" \/>\n<meta property=\"og:image\" content=\"https:\/\/darkstore225.com\/wp-content\/uploads\/2023\/04\/d48e3bfa5695d59afa640f10dad5fc9a.jpg\" \/>\n\t<meta property=\"og:image:width\" content=\"564\" \/>\n\t<meta property=\"og:image:height\" content=\"564\" \/>\n\t<meta property=\"og:image:type\" content=\"image\/jpeg\" \/>\n<meta name=\"twitter:card\" content=\"summary_large_image\" \/>\n<meta name=\"twitter:label1\" content=\"Dur\u00e9e de lecture estim\u00e9e\" \/>\n\t<meta name=\"twitter:data1\" content=\"2 minutes\" \/>\n<script type=\"application\/ld+json\" class=\"yoast-schema-graph\">{\"@context\":\"https:\\\/\\\/schema.org\",\"@graph\":[{\"@type\":\"WebPage\",\"@id\":\"https:\\\/\\\/darkstore225.com\\\/index.php\\\/produit\\\/1390\\\/\",\"url\":\"https:\\\/\\\/darkstore225.com\\\/index.php\\\/produit\\\/1390\\\/\",\"name\":\"Drake x Nike Hot Step Air Terra NOCTA - Dark Store 225\",\"isPartOf\":{\"@id\":\"https:\\\/\\\/darkstore225.com\\\/#website\"},\"primaryImageOfPage\":{\"@id\":\"https:\\\/\\\/darkstore225.com\\\/index.php\\\/produit\\\/1390\\\/#primaryimage\"},\"image\":{\"@id\":\"https:\\\/\\\/darkstore225.com\\\/index.php\\\/produit\\\/1390\\\/#primaryimage\"},\"thumbnailUrl\":\"https:\\\/\\\/darkstore225.com\\\/wp-content\\\/uploads\\\/2023\\\/04\\\/d48e3bfa5695d59afa640f10dad5fc9a.jpg\",\"datePublished\":\"2023-04-16T00:02:22+00:00\",\"dateModified\":\"2025-10-30T16:25:43+00:00\",\"breadcrumb\":{\"@id\":\"https:\\\/\\\/darkstore225.com\\\/index.php\\\/produit\\\/1390\\\/#breadcrumb\"},\"inLanguage\":\"fr-FR\",\"potentialAction\":[{\"@type\":\"ReadAction\",\"target\":[\"https:\\\/\\\/darkstore225.com\\\/index.php\\\/produit\\\/1390\\\/\"]}]},{\"@type\":\"ImageObject\",\"inLanguage\":\"fr-FR\",\"@id\":\"https:\\\/\\\/darkstore225.com\\\/index.php\\\/produit\\\/1390\\\/#primaryimage\",\"url\":\"https:\\\/\\\/darkstore225.com\\\/wp-content\\\/uploads\\\/2023\\\/04\\\/d48e3bfa5695d59afa640f10dad5fc9a.jpg\",\"contentUrl\":\"https:\\\/\\\/darkstore225.com\\\/wp-content\\\/uploads\\\/2023\\\/04\\\/d48e3bfa5695d59afa640f10dad5fc9a.jpg\",\"width\":564,\"height\":564},{\"@type\":\"BreadcrumbList\",\"@id\":\"https:\\\/\\\/darkstore225.com\\\/index.php\\\/produit\\\/1390\\\/#breadcrumb\",\"itemListElement\":[{\"@type\":\"ListItem\",\"position\":1,\"name\":\"Accueil\",\"item\":\"https:\\\/\\\/darkstore225.com\\\/\"},{\"@type\":\"ListItem\",\"position\":2,\"name\":\"Boutique\",\"item\":\"https:\\\/\\\/darkstore225.com\\\/index.php\\\/shop\\\/\"},{\"@type\":\"ListItem\",\"position\":3,\"name\":\"Drake x Nike Hot Step Air Terra NOCTA\"}]},{\"@type\":\"WebSite\",\"@id\":\"https:\\\/\\\/darkstore225.com\\\/#website\",\"url\":\"https:\\\/\\\/darkstore225.com\\\/\",\"name\":\"Dark Store 225\",\"description\":\"Service, fiabilit\u00e9 , authenticit\u00e9\",\"publisher\":{\"@id\":\"https:\\\/\\\/darkstore225.com\\\/#organization\"},\"potentialAction\":[{\"@type\":\"SearchAction\",\"target\":{\"@type\":\"EntryPoint\",\"urlTemplate\":\"https:\\\/\\\/darkstore225.com\\\/?s={search_term_string}\"},\"query-input\":{\"@type\":\"PropertyValueSpecification\",\"valueRequired\":true,\"valueName\":\"search_term_string\"}}],\"inLanguage\":\"fr-FR\"},{\"@type\":\"Organization\",\"@id\":\"https:\\\/\\\/darkstore225.com\\\/#organization\",\"name\":\"Dark Store 225\",\"url\":\"https:\\\/\\\/darkstore225.com\\\/\",\"logo\":{\"@type\":\"ImageObject\",\"inLanguage\":\"fr-FR\",\"@id\":\"https:\\\/\\\/darkstore225.com\\\/#\\\/schema\\\/logo\\\/image\\\/\",\"url\":\"https:\\\/\\\/darkstore225.com\\\/wp-content\\\/uploads\\\/2023\\\/04\\\/cropped-cropped-cropped-cropped-217393446_556927015480604_2286872379373824906_n.jpg\",\"contentUrl\":\"https:\\\/\\\/darkstore225.com\\\/wp-content\\\/uploads\\\/2023\\\/04\\\/cropped-cropped-cropped-cropped-217393446_556927015480604_2286872379373824906_n.jpg\",\"width\":512,\"height\":408,\"caption\":\"Dark Store 225\"},\"image\":{\"@id\":\"https:\\\/\\\/darkstore225.com\\\/#\\\/schema\\\/logo\\\/image\\\/\"},\"sameAs\":[\"https:\\\/\\\/web.facebook.com\\\/darksquad225\\\/?_rdc=1&_rdr\",\"https:\\\/\\\/www.instagram.com\\\/dark_squad_225\\\/\"]}]}<\/script>\n<!-- \/ Yoast SEO plugin. -->","yoast_head_json":{"title":"Drake x Nike Hot Step Air Terra NOCTA - Dark Store 225","robots":{"index":"index","follow":"follow","max-snippet":"max-snippet:-1","max-image-preview":"max-image-preview:large","max-video-preview":"max-video-preview:-1"},"canonical":"https:\/\/darkstore225.com\/index.php\/produit\/1390\/","og_locale":"fr_FR","og_type":"article","og_title":"Drake x Nike Hot Step Air Terra NOCTA - Dark Store 225","og_description":"Les chaussures Drake x Nike Hot Step Air Terra NOCTA sont une collaboration unique entre le c\u00e9l\u00e8bre artiste et la marque de sportswear embl\u00e9matique. Con\u00e7ues pour offrir un style et des performances sup\u00e9rieurs, ces chaussures sont parfaites pour les personnes qui cherchent \u00e0 se d\u00e9marquer de la foule. Le mod\u00e8le est dot\u00e9 d&rsquo;une empeigne en [&hellip;]","og_url":"https:\/\/darkstore225.com\/index.php\/produit\/1390\/","og_site_name":"Dark Store 225","article_publisher":"https:\/\/web.facebook.com\/darksquad225\/?_rdc=1&_rdr","article_modified_time":"2025-10-30T16:25:43+00:00","og_image":[{"width":564,"height":564,"url":"https:\/\/darkstore225.com\/wp-content\/uploads\/2023\/04\/d48e3bfa5695d59afa640f10dad5fc9a.jpg","type":"image\/jpeg"}],"twitter_card":"summary_large_image","twitter_misc":{"Dur\u00e9e de lecture estim\u00e9e":"2 minutes"},"schema":{"@context":"https:\/\/schema.org","@graph":[{"@type":"WebPage","@id":"https:\/\/darkstore225.com\/index.php\/produit\/1390\/","url":"https:\/\/darkstore225.com\/index.php\/produit\/1390\/","name":"Drake x Nike Hot Step Air Terra NOCTA - Dark Store 225","isPartOf":{"@id":"https:\/\/darkstore225.com\/#website"},"primaryImageOfPage":{"@id":"https:\/\/darkstore225.com\/index.php\/produit\/1390\/#primaryimage"},"image":{"@id":"https:\/\/darkstore225.com\/index.php\/produit\/1390\/#primaryimage"},"thumbnailUrl":"https:\/\/darkstore225.com\/wp-content\/uploads\/2023\/04\/d48e3bfa5695d59afa640f10dad5fc9a.jpg","datePublished":"2023-04-16T00:02:22+00:00","dateModified":"2025-10-30T16:25:43+00:00","breadcrumb":{"@id":"https:\/\/darkstore225.com\/index.php\/produit\/1390\/#breadcrumb"},"inLanguage":"fr-FR","potentialAction":[{"@type":"ReadAction","target":["https:\/\/darkstore225.com\/index.php\/produit\/1390\/"]}]},{"@type":"ImageObject","inLanguage":"fr-FR","@id":"https:\/\/darkstore225.com\/index.php\/produit\/1390\/#primaryimage","url":"https:\/\/darkstore225.com\/wp-content\/uploads\/2023\/04\/d48e3bfa5695d59afa640f10dad5fc9a.jpg","contentUrl":"https:\/\/darkstore225.com\/wp-content\/uploads\/2023\/04\/d48e3bfa5695d59afa640f10dad5fc9a.jpg","width":564,"height":564},{"@type":"BreadcrumbList","@id":"https:\/\/darkstore225.com\/index.php\/produit\/1390\/#breadcrumb","itemListElement":[{"@type":"ListItem","position":1,"name":"Accueil","item":"https:\/\/darkstore225.com\/"},{"@type":"ListItem","position":2,"name":"Boutique","item":"https:\/\/darkstore225.com\/index.php\/shop\/"},{"@type":"ListItem","position":3,"name":"Drake x Nike Hot Step Air Terra NOCTA"}]},{"@type":"WebSite","@id":"https:\/\/darkstore225.com\/#website","url":"https:\/\/darkstore225.com\/","name":"Dark Store 225","description":"Service, fiabilit\u00e9 , authenticit\u00e9","publisher":{"@id":"https:\/\/darkstore225.com\/#organization"},"potentialAction":[{"@type":"SearchAction","target":{"@type":"EntryPoint","urlTemplate":"https:\/\/darkstore225.com\/?s={search_term_string}"},"query-input":{"@type":"PropertyValueSpecification","valueRequired":true,"valueName":"search_term_string"}}],"inLanguage":"fr-FR"},{"@type":"Organization","@id":"https:\/\/darkstore225.com\/#organization","name":"Dark Store 225","url":"https:\/\/darkstore225.com\/","logo":{"@type":"ImageObject","inLanguage":"fr-FR","@id":"https:\/\/darkstore225.com\/#\/schema\/logo\/image\/","url":"https:\/\/darkstore225.com\/wp-content\/uploads\/2023\/04\/cropped-cropped-cropped-cropped-217393446_556927015480604_2286872379373824906_n.jpg","contentUrl":"https:\/\/darkstore225.com\/wp-content\/uploads\/2023\/04\/cropped-cropped-cropped-cropped-217393446_556927015480604_2286872379373824906_n.jpg","width":512,"height":408,"caption":"Dark Store 225"},"image":{"@id":"https:\/\/darkstore225.com\/#\/schema\/logo\/image\/"},"sameAs":["https:\/\/web.facebook.com\/darksquad225\/?_rdc=1&_rdr","https:\/\/www.instagram.com\/dark_squad_225\/"]}]}},"uagb_featured_image_src":{"full":["https:\/\/darkstore225.com\/wp-content\/uploads\/2023\/04\/d48e3bfa5695d59afa640f10dad5fc9a.jpg",564,564,false],"thumbnail":["https:\/\/darkstore225.com\/wp-content\/uploads\/2023\/04\/d48e3bfa5695d59afa640f10dad5fc9a-300x300.jpg",300,300,true],"medium":["https:\/\/darkstore225.com\/wp-content\/uploads\/2023\/04\/d48e3bfa5695d59afa640f10dad5fc9a-300x300.jpg",300,300,true],"medium_large":["https:\/\/darkstore225.com\/wp-content\/uploads\/2023\/04\/d48e3bfa5695d59afa640f10dad5fc9a.jpg",564,564,false],"large":["https:\/\/darkstore225.com\/wp-content\/uploads\/2023\/04\/d48e3bfa5695d59afa640f10dad5fc9a.jpg",564,564,false],"1536x1536":["https:\/\/darkstore225.com\/wp-content\/uploads\/2023\/04\/d48e3bfa5695d59afa640f10dad5fc9a.jpg",564,564,false],"2048x2048":["https:\/\/darkstore225.com\/wp-content\/uploads\/2023\/04\/d48e3bfa5695d59afa640f10dad5fc9a.jpg",564,564,false],"woocommerce_thumbnail":["https:\/\/darkstore225.com\/wp-content\/uploads\/2023\/04\/d48e3bfa5695d59afa640f10dad5fc9a-500x500.jpg",500,500,true],"woocommerce_single":["https:\/\/darkstore225.com\/wp-content\/uploads\/2023\/04\/d48e3bfa5695d59afa640f10dad5fc9a.jpg",564,564,false],"woocommerce_gallery_thumbnail":["https:\/\/darkstore225.com\/wp-content\/uploads\/2023\/04\/d48e3bfa5695d59afa640f10dad5fc9a-100x100.jpg",100,100,true]},"uagb_author_info":{"display_name":"madxbeatzmusic","author_link":"https:\/\/darkstore225.com\/index.php\/author\/"},"uagb_comment_info":3,"uagb_excerpt":"Les chaussures Drake x Nike Hot Step Air Terra NOCTA sont une collaboration unique entre le c\u00e9l\u00e8bre artiste et la marque de sportswear embl\u00e9matique. Con\u00e7ues pour offrir un style et des performances sup\u00e9rieurs, ces chaussures sont parfaites pour les personnes qui cherchent \u00e0 se d\u00e9marquer de la foule. Le mod\u00e8le est dot\u00e9 d&rsquo;une empeigne en\u2026","_links":{"self":[{"href":"https:\/\/darkstore225.com\/index.php\/wp-json\/wp\/v2\/product\/1390","targetHints":{"allow":["GET"]}}],"collection":[{"href":"https:\/\/darkstore225.com\/index.php\/wp-json\/wp\/v2\/product"}],"about":[{"href":"https:\/\/darkstore225.com\/index.php\/wp-json\/wp\/v2\/types\/product"}],"replies":[{"embeddable":true,"href":"https:\/\/darkstore225.com\/index.php\/wp-json\/wp\/v2\/comments?post=1390"}],"version-history":[{"count":1,"href":"https:\/\/darkstore225.com\/index.php\/wp-json\/wp\/v2\/product\/1390\/revisions"}],"predecessor-version":[{"id":6060,"href":"https:\/\/darkstore225.com\/index.php\/wp-json\/wp\/v2\/product\/1390\/revisions\/6060"}],"wp:featuredmedia":[{"embeddable":true,"href":"https:\/\/darkstore225.com\/index.php\/wp-json\/wp\/v2\/media\/6059"}],"wp:attachment":[{"href":"https:\/\/darkstore225.com\/index.php\/wp-json\/wp\/v2\/media?parent=1390"}],"wp:term":[{"taxonomy":"product_brand","embeddable":true,"href":"https:\/\/darkstore225.com\/index.php\/wp-json\/wp\/v2\/product_brand?post=1390"},{"taxonomy":"product_cat","embeddable":true,"href":"https:\/\/darkstore225.com\/index.php\/wp-json\/wp\/v2\/product_cat?post=1390"},{"taxonomy":"product_tag","embeddable":true,"href":"https:\/\/darkstore225.com\/index.php\/wp-json\/wp\/v2\/product_tag?post=1390"}],"curies":[{"name":"wp","href":"https:\/\/api.w.org\/{rel}","templated":true}]}}